{"id":3363,"date":"2020-06-16T10:29:19","date_gmt":"2020-06-16T08:29:19","guid":{"rendered":"https:\/\/buceoanilao.com\/?page_id=3363"},"modified":"2021-11-16T11:57:24","modified_gmt":"2021-11-16T10:57:24","slug":"eventos","status":"publish","type":"page","link":"https:\/\/buceoanilao.com\/es\/eventos\/","title":{"rendered":"EVENTOS"},"content":{"rendered":"<p>[et_pb_section fb_built=\u00bb1&#8243; admin_label=\u00bbCABECERA_PAGINA\u00bb _builder_version=\u00bb4.0.9&#8243; background_image=\u00bbhttps:\/\/buceoanilao.com\/wp-content\/uploads\/2020\/06\/106032634_553517118661519_3982343908981978163_n.jpg-scaled.jpeg\u00bb custom_css_main_element=\u00bbheight: 500px;\u00bb custom_css_main_element_last_edited=\u00bbon|tablet\u00bb custom_css_main_element_phone=\u00bbheight: 250px;\u00bb custom_css_main_element_tablet=\u00bbheight: 350px;\u00bb][et_pb_row _builder_version=\u00bb4.0.9&#8243; custom_padding=\u00bb||0px||false|false\u00bb custom_css_main_element=\u00bbposition: absolute;||bottom: 0px;||width: 100%;||max-width: 100%;||text-align: center;\u00bb][et_pb_column type=\u00bb4_4&#8243; _builder_version=\u00bb4.0.9&#8243; custom_css_main_element=\u00bbmargin: auto;\u00bb][et_pb_text _builder_version=\u00bb4.0.9&#8243; custom_margin=\u00bb||0px||false|false\u00bb custom_padding=\u00bb||0px||false|false\u00bb custom_css_main_element=\u00bbfont-size: 120px;||line-height: 0.7;\u00bb custom_css_main_element_last_edited=\u00bbon|phone\u00bb custom_css_main_element_phone=\u00bbfont-size: 70px;||line-height: 0.7;\u00bb custom_css_main_element_tablet=\u00bbfont-size: 90px;||line-height: 0.7;\u00bb]<\/p>\n<p style=\"text-align: center;\"><span style=\"color: #ffffff;\"><b>EVENTOS<\/b><\/span><\/p>\n<p>[\/et_pb_text][\/et_pb_column][\/et_pb_row][\/et_pb_section][et_pb_section fb_built=\u00bb1&#8243; _builder_version=\u00bb4.0.9&#8243; custom_margin=\u00bb40px||||false|false\u00bb custom_padding=\u00bb0px||||false|false\u00bb][et_pb_row _builder_version=\u00bb4.0.9&#8243; background_enable_color=\u00bboff\u00bb background_size=\u00bbinitial\u00bb background_position=\u00bbtop_left\u00bb background_repeat=\u00bbrepeat\u00bb border_width_all=\u00bb2px\u00bb border_color_all=\u00bb#F2CD00&#8243; box_shadow_style=\u00bbpreset1&#8243;][et_pb_column type=\u00bb4_4&#8243; _builder_version=\u00bb3.25&#8243; custom_padding=\u00bb|||\u00bb custom_padding__hover=\u00bb|||\u00bb][et_pb_text _builder_version=\u00bb4.0.9&#8243; text_font_size=\u00bb18&#8243;]<\/p>\n<h3 style=\"text-align: center;\"><em>\u201cAqu\u00ed podr\u00e1s encontrar las \u00faltimas noticias sobre las ferias en las que participamos, cursos de fotogarf\u00eda submarina y otros temas de inter\u00e9s\u201d<\/em><\/h3>\n<p>[\/et_pb_text][\/et_pb_column][\/et_pb_row][\/et_pb_section][et_pb_section fb_built=\u00bb1&#8243; admin_label=\u00bbDIVE CENTER CABECERA\u00bb module_id=\u00bbDIVECENTER\u00bb _builder_version=\u00bb4.0.9&#8243; background_image=\u00bbhttps:\/\/buceoanilao.com\/wp-content\/uploads\/2020\/06\/fondo.jpg\u00bb parallax=\u00bbon\u00bb custom_margin=\u00bb0px||0px||false|false\u00bb custom_padding=\u00bb0px||0px||false|false\u00bb][et_pb_row column_structure=\u00bb1_2,1_2&#8243; module_id=\u00bb#RESORT\u00bb _builder_version=\u00bb3.26.6&#8243; background_size=\u00bbinitial\u00bb background_position=\u00bbtop_left\u00bb background_repeat=\u00bbrepeat\u00bb][et_pb_column type=\u00bb1_2&#8243; _builder_version=\u00bb3.25&#8243; custom_padding=\u00bb|||\u00bb custom_padding__hover=\u00bb|||\u00bb][et_pb_image src=\u00bbhttps:\/\/buceoanilao.com\/wp-content\/uploads\/2020\/06\/eventos.png\u00bb alt=\u00bbDive Center\u00bb title_text=\u00bbDive Center\u00bb align=\u00bbcenter\u00bb align_tablet=\u00bbcenter\u00bb align_phone=\u00bb\u00bb align_last_edited=\u00bbon|desktop\u00bb _builder_version=\u00bb4.0.9&#8243; custom_margin=\u00bb||0px||false|false\u00bb animation_style=\u00bbslide\u00bb animation_direction=\u00bbbottom\u00bb border_style=\u00bbsolid\u00bb sticky=\u00bboff\u00bb always_center_on_mobile=\u00bbon\u00bb][\/et_pb_image][\/et_pb_column][et_pb_column type=\u00bb1_2&#8243; _builder_version=\u00bb3.25&#8243; custom_padding=\u00bb|||\u00bb custom_padding__hover=\u00bb|||\u00bb][et_pb_text _builder_version=\u00bb4.0.9&#8243; text_orientation=\u00bbcenter\u00bb module_alignment=\u00bbcenter\u00bb custom_margin=\u00bb40px||||false|false\u00bb custom_margin_tablet=\u00bb\u00bb custom_margin_phone=\u00bb0px||||false|false\u00bb custom_margin_last_edited=\u00bbon|desktop\u00bb animation_style=\u00bbslide\u00bb animation_direction=\u00bbbottom\u00bb border_style=\u00bbsolid\u00bb]<\/p>\n<p>&nbsp;<\/p>\n<p>&nbsp;<\/p>\n<p style=\"text-align: left;\"><span style=\"color: #ffffff;\"><strong>Selecciona \u00abtodos\u00bb, para ver todos los eventos o elige el tipo de evento que quieres consultar.<\/strong><\/span><\/p>\n<p>[\/et_pb_text][\/et_pb_column][\/et_pb_row][\/et_pb_section][et_pb_section fb_built=\u00bb1&#8243; _builder_version=\u00bb4.0.9&#8243;][et_pb_row _builder_version=\u00bb4.0.9&#8243;][et_pb_column type=\u00bb4_4&#8243; _builder_version=\u00bb4.0.9&#8243;][et_pb_text _builder_version=\u00bb4.0.9&#8243; text_orientation=\u00bbcenter\u00bb custom_padding=\u00bb20px|20px|20px|20px|false|false\u00bb animation_style=\u00bbfade\u00bb box_shadow_style=\u00bbpreset1&#8243;]<\/p>\n<h3 style=\"text-align: center;\"><span style=\"color: #000000;\"><em><strong>Os mantendremos informados<\/strong> sobre futuras novedades, ferias y eventos<\/em><\/span><\/h3>\n<p>[\/et_pb_text][\/et_pb_column][\/et_pb_row][\/et_pb_section][et_pb_section fb_built=\u00bb1&#8243; admin_label=\u00bbOLAS\u00bb _builder_version=\u00bb4.0.9&#8243; custom_margin=\u00bb||||false|false\u00bb custom_padding=\u00bb||||false|false\u00bb top_divider_style=\u00bbwaves2&#8243; top_divider_color=\u00bb#ceffff\u00bb][et_pb_row _builder_version=\u00bb3.26.6&#8243; custom_margin=\u00bb50px||||false|false\u00bb][et_pb_column type=\u00bb4_4&#8243; _builder_version=\u00bb3.26.6&#8243;][et_pb_text _builder_version=\u00bb4.0.9&#8243;][\/et_pb_text][\/et_pb_column][\/et_pb_row][\/et_pb_section][et_pb_section fb_built=\u00bb1&#8243; admin_label=\u00bbPIE ESPA\u00d1OL\u00bb _builder_version=\u00bb3.29.3&#8243; custom_css_main_element=\u00bbbackground-color: black;\u00bb saved_tabs=\u00bball\u00bb][et_pb_row _builder_version=\u00bb3.25&#8243; background_size=\u00bbinitial\u00bb background_position=\u00bbtop_left\u00bb background_repeat=\u00bbrepeat\u00bb][et_pb_column type=\u00bb4_4&#8243; _builder_version=\u00bb3.0.47&#8243; custom_padding=\u00bb|||\u00bb custom_padding__hover=\u00bb|||\u00bb][et_pb_image src=\u00bbhttps:\/\/buceoanilao.com\/wp-content\/uploads\/2019\/07\/logo_blanco.png\u00bb show_bottom_space=\u00bboff\u00bb align=\u00bbcenter\u00bb align_tablet=\u00bbcenter\u00bb align_phone=\u00bb\u00bb align_last_edited=\u00bbon|desktop\u00bb _builder_version=\u00bb3.23&#8243; custom_css_main_element=\u00bbmax-width: 100px;\u00bb sticky=\u00bbon\u00bb][\/et_pb_image][\/et_pb_column][\/et_pb_row][et_pb_row column_structure=\u00bb1_3,1_3,1_3&#8243; _builder_version=\u00bb3.26.6&#8243;][et_pb_column type=\u00bb1_3&#8243; _builder_version=\u00bb3.26.6&#8243;][et_pb_text _builder_version=\u00bb4.0.9&#8243;]<\/p>\n<h3 style=\"text-align: center;\"><span style=\"color: #ffcc00;\"><strong>CONTACTO<\/strong><\/span><\/h3>\n<p style=\"text-align: center;\"><img loading=\"lazy\" decoding=\"async\" class=\"wp-image-134 alignnone size-full\" src=\"https:\/\/buceoanilao.com\/wp-content\/uploads\/2019\/07\/location_icon.png\" alt=\"\" width=\"17\" height=\"28\" \/> <span style=\"color: #ffffff;\">Buceo Anilao Beach &amp; Dive Resort San Teodoro, Mabini, Batangas Philippines<\/span><\/p>\n<p style=\"text-align: center;\"><img loading=\"lazy\" decoding=\"async\" class=\"wp-image-131 alignnone size-full\" src=\"https:\/\/buceoanilao.com\/wp-content\/uploads\/2019\/07\/phone_icon.png\" alt=\"\" width=\"26\" height=\"26\" \/> <span style=\"color: #ffffff;\">+ 63 (0) 917 579 7333<\/span><\/p>\n<p style=\"text-align: center;\"><img loading=\"lazy\" decoding=\"async\" class=\"wp-image-132 alignnone size-full\" src=\"https:\/\/buceoanilao.com\/wp-content\/uploads\/2019\/07\/reloj_icon.png\" alt=\"\" width=\"28\" height=\"28\" \/> <span style=\"color: #ffffff;\">Lunes &#8211; Domingo 07:00 -22:00<\/span><\/p>\n<p style=\"text-align: center;\"><img loading=\"lazy\" decoding=\"async\" class=\"wp-image-133 alignnone size-full\" src=\"https:\/\/buceoanilao.com\/wp-content\/uploads\/2019\/07\/mai_icon.png\" alt=\"\" width=\"23\" height=\"16\" \/>\u00a0<span style=\"color: #ffffff;\"> contact@buceoanilao.com<\/span><\/p>\n<p>[\/et_pb_text][\/et_pb_column][et_pb_column type=\u00bb1_3&#8243; _builder_version=\u00bb3.26.6&#8243;][et_pb_text _builder_version=\u00bb4.0.9&#8243;]<\/p>\n<h3 style=\"text-align: center;\"><span style=\"color: #ffcc00;\"><strong>S\u00cdGUENOS<\/strong><\/span><\/h3>\n<p style=\"text-align: center;\"><a href=\"https:\/\/es-es.facebook.com\/BuceoAnilao\/\" target=\"_blank\" rel=\"noopener noreferrer\"><img loading=\"lazy\" decoding=\"async\" class=\"wp-image-164 alignnone size-full\" src=\"https:\/\/buceoanilao.com\/wp-content\/uploads\/2019\/07\/facebook_icon.png\" alt=\"\" width=\"60\" height=\"60\" \/><\/a> <a href=\"https:\/\/www.instagram.com\/buceoanilao\/\" target=\"_blank\" rel=\"noopener noreferrer\"><img loading=\"lazy\" decoding=\"async\" class=\"wp-image-163 alignnone size-full\" src=\"https:\/\/buceoanilao.com\/wp-content\/uploads\/2019\/07\/instagram_icon.png\" alt=\"\" width=\"60\" height=\"60\" \/><\/a> <a href=\"https:\/\/twitter.com\/buceoanilao\" target=\"_blank\" rel=\"noopener noreferrer\"><img loading=\"lazy\" decoding=\"async\" class=\"wp-image-162 alignnone size-full\" src=\"https:\/\/buceoanilao.com\/wp-content\/uploads\/2019\/07\/twitter_icon.png\" alt=\"\" width=\"60\" height=\"60\" \/><\/a> <a href=\"https:\/\/www.youtube.com\/channel\/UCiM48M68t5qywYDGK87Rcnw\" target=\"_blank\" rel=\"noopener noreferrer\"><img loading=\"lazy\" decoding=\"async\" class=\"wp-image-161 alignnone size-full\" src=\"https:\/\/buceoanilao.com\/wp-content\/uploads\/2019\/07\/youtube_icon.png\" alt=\"\" width=\"60\" height=\"60\" \/><\/a><\/p>\n<p style=\"text-align: center;\">\n<p style=\"text-align: center;\">[\/et_pb_text][\/et_pb_column][et_pb_column type=\u00bb1_3&#8243; _builder_version=\u00bb3.26.6&#8243;][et_pb_text _builder_version=\u00bb4.0.9&#8243;]<\/p>\n<h3 style=\"text-align: center;\"><span style=\"color: #ffcc00;\"><strong>COMPARTE TU EXPERIENCIA<\/strong><\/span><\/h3>\n<p style=\"text-align: center;\"><a href=\"https:\/\/www.tripadvisor.com\/Hotel_Review-g1587920-d6737843-Reviews-Buceo_Anilao_Beach_Dive_Resort-Mabini_Batangas_Province_Calabarzon_Region_Luzon.html\" target=\"_blank\" rel=\"noopener noreferrer\"><img loading=\"lazy\" decoding=\"async\" class=\"aligncenter wp-image-4010 size-full\" src=\"https:\/\/buceoanilao.com\/wp-content\/uploads\/2020\/08\/tripadvisor.png\" alt=\"\" width=\"167\" height=\"209\" \/><\/a><\/p>\n<p>&nbsp;<\/p>\n<p>[\/et_pb_text][\/et_pb_column][\/et_pb_row][\/et_pb_section]<\/p>\n","protected":false},"excerpt":{"rendered":"<p>EVENTOS\u201cAqu\u00ed podr\u00e1s encontrar las \u00faltimas noticias sobre las ferias en las que participamos, cursos de fotogarf\u00eda submarina y otros temas de inter\u00e9s\u201d&nbsp; &nbsp; Selecciona \u00abtodos\u00bb, para ver todos los eventos o elige el tipo de evento que quieres consultar.Os mantendremos informados sobre futuras novedades, ferias y eventosCONTACTO Buceo Anilao Beach &amp; Dive Resort San Teodoro, [&hellip;]<\/p>\n","protected":false},"author":1,"featured_media":0,"parent":0,"menu_order":0,"comment_status":"closed","ping_status":"closed","template":"","meta":{"_et_pb_use_builder":"on","_et_pb_old_content":"","_et_gb_content_width":"","footnotes":""},"yoast_head":"<!-- This site is optimized with the Yoast SEO plugin v22.0 - https:\/\/yoast.com\/wordpress\/plugins\/seo\/ -->\r\n<title>EVENTOS - buceoanilao.com<\/title>\r\n<meta name=\"description\" content=\"Aqu\u00ed podr\u00e1s encontrar las \u00faltimas noticias sobre las ferias en las que participamos, cursos de fotograf\u00eda submarina y otros temas de inter\u00e9s\" \/>\r\n<meta name=\"robots\" content=\"index, follow, max-snippet:-1, max-image-preview:large, max-video-preview:-1\" \/>\r\n<link rel=\"canonical\" href=\"https:\/\/buceoanilao.com\/events\/\" \/>\r\n<meta property=\"og:locale\" content=\"es_ES\" \/>\r\n<meta property=\"og:type\" content=\"article\" \/>\r\n<meta property=\"og:title\" content=\"EVENTOS - buceoanilao.com\" \/>\r\n<meta property=\"og:description\" content=\"Aqu\u00ed podr\u00e1s encontrar las \u00faltimas noticias sobre las ferias en las que participamos, cursos de fotograf\u00eda submarina y otros temas de inter\u00e9s\" \/>\r\n<meta property=\"og:url\" content=\"https:\/\/buceoanilao.com\/events\/\" \/>\r\n<meta property=\"og:site_name\" content=\"buceoanilao.com\" \/>\r\n<meta property=\"article:modified_time\" content=\"2021-11-16T10:57:24+00:00\" \/>\r\n<meta property=\"og:image\" content=\"https:\/\/buceoanilao.com\/wp-content\/uploads\/2019\/07\/location_icon.png\" \/>\r\n<meta name=\"twitter:card\" content=\"summary_large_image\" \/>\r\n<meta name=\"twitter:label1\" content=\"Tiempo de lectura\" \/>\n\t<meta name=\"twitter:data1\" content=\"4 minutos\" \/>\r\n<script type=\"application\/ld+json\" class=\"yoast-schema-graph\">{\"@context\":\"https:\/\/schema.org\",\"@graph\":[{\"@type\":\"WebPage\",\"@id\":\"https:\/\/buceoanilao.com\/events\/\",\"url\":\"https:\/\/buceoanilao.com\/events\/\",\"name\":\"EVENTOS - buceoanilao.com\",\"isPartOf\":{\"@id\":\"https:\/\/buceoanilao.com\/#website\"},\"datePublished\":\"2020-06-16T08:29:19+00:00\",\"dateModified\":\"2021-11-16T10:57:24+00:00\",\"description\":\"Aqu\u00ed podr\u00e1s encontrar las \u00faltimas noticias sobre las ferias en las que participamos, cursos de fotograf\u00eda submarina y otros temas de inter\u00e9s\",\"breadcrumb\":{\"@id\":\"https:\/\/buceoanilao.com\/events\/#breadcrumb\"},\"inLanguage\":\"es\",\"potentialAction\":[{\"@type\":\"ReadAction\",\"target\":[\"https:\/\/buceoanilao.com\/events\/\"]}]},{\"@type\":\"BreadcrumbList\",\"@id\":\"https:\/\/buceoanilao.com\/events\/#breadcrumb\",\"itemListElement\":[{\"@type\":\"ListItem\",\"position\":1,\"name\":\"Portada\",\"item\":\"https:\/\/buceoanilao.com\/\"},{\"@type\":\"ListItem\",\"position\":2,\"name\":\"EVENTOS\"}]},{\"@type\":\"WebSite\",\"@id\":\"https:\/\/buceoanilao.com\/#website\",\"url\":\"https:\/\/buceoanilao.com\/\",\"name\":\"buceoanilao.com\",\"description\":\"Buceo Anilao\",\"potentialAction\":[{\"@type\":\"SearchAction\",\"target\":{\"@type\":\"EntryPoint\",\"urlTemplate\":\"https:\/\/buceoanilao.com\/?s={search_term_string}\"},\"query-input\":\"required name=search_term_string\"}],\"inLanguage\":\"es\"}]}<\/script>\r\n<!-- \/ Yoast SEO plugin. -->","yoast_head_json":{"title":"EVENTOS - buceoanilao.com","description":"Aqu\u00ed podr\u00e1s encontrar las \u00faltimas noticias sobre las ferias en las que participamos, cursos de fotograf\u00eda submarina y otros temas de inter\u00e9s","robots":{"index":"index","follow":"follow","max-snippet":"max-snippet:-1","max-image-preview":"max-image-preview:large","max-video-preview":"max-video-preview:-1"},"canonical":"https:\/\/buceoanilao.com\/events\/","og_locale":"es_ES","og_type":"article","og_title":"EVENTOS - buceoanilao.com","og_description":"Aqu\u00ed podr\u00e1s encontrar las \u00faltimas noticias sobre las ferias en las que participamos, cursos de fotograf\u00eda submarina y otros temas de inter\u00e9s","og_url":"https:\/\/buceoanilao.com\/events\/","og_site_name":"buceoanilao.com","article_modified_time":"2021-11-16T10:57:24+00:00","og_image":[{"url":"https:\/\/buceoanilao.com\/wp-content\/uploads\/2019\/07\/location_icon.png"}],"twitter_card":"summary_large_image","twitter_misc":{"Tiempo de lectura":"4 minutos"},"schema":{"@context":"https:\/\/schema.org","@graph":[{"@type":"WebPage","@id":"https:\/\/buceoanilao.com\/events\/","url":"https:\/\/buceoanilao.com\/events\/","name":"EVENTOS - buceoanilao.com","isPartOf":{"@id":"https:\/\/buceoanilao.com\/#website"},"datePublished":"2020-06-16T08:29:19+00:00","dateModified":"2021-11-16T10:57:24+00:00","description":"Aqu\u00ed podr\u00e1s encontrar las \u00faltimas noticias sobre las ferias en las que participamos, cursos de fotograf\u00eda submarina y otros temas de inter\u00e9s","breadcrumb":{"@id":"https:\/\/buceoanilao.com\/events\/#breadcrumb"},"inLanguage":"es","potentialAction":[{"@type":"ReadAction","target":["https:\/\/buceoanilao.com\/events\/"]}]},{"@type":"BreadcrumbList","@id":"https:\/\/buceoanilao.com\/events\/#breadcrumb","itemListElement":[{"@type":"ListItem","position":1,"name":"Portada","item":"https:\/\/buceoanilao.com\/"},{"@type":"ListItem","position":2,"name":"EVENTOS"}]},{"@type":"WebSite","@id":"https:\/\/buceoanilao.com\/#website","url":"https:\/\/buceoanilao.com\/","name":"buceoanilao.com","description":"Buceo Anilao","potentialAction":[{"@type":"SearchAction","target":{"@type":"EntryPoint","urlTemplate":"https:\/\/buceoanilao.com\/?s={search_term_string}"},"query-input":"required name=search_term_string"}],"inLanguage":"es"}]}},"_links":{"self":[{"href":"https:\/\/buceoanilao.com\/es\/wp-json\/wp\/v2\/pages\/3363"}],"collection":[{"href":"https:\/\/buceoanilao.com\/es\/wp-json\/wp\/v2\/pages"}],"about":[{"href":"https:\/\/buceoanilao.com\/es\/wp-json\/wp\/v2\/types\/page"}],"author":[{"embeddable":true,"href":"https:\/\/buceoanilao.com\/es\/wp-json\/wp\/v2\/users\/1"}],"replies":[{"embeddable":true,"href":"https:\/\/buceoanilao.com\/es\/wp-json\/wp\/v2\/comments?post=3363"}],"version-history":[{"count":3,"href":"https:\/\/buceoanilao.com\/es\/wp-json\/wp\/v2\/pages\/3363\/revisions"}],"predecessor-version":[{"id":4637,"href":"https:\/\/buceoanilao.com\/es\/wp-json\/wp\/v2\/pages\/3363\/revisions\/4637"}],"wp:attachment":[{"href":"https:\/\/buceoanilao.com\/es\/wp-json\/wp\/v2\/media?parent=3363"}],"curies":[{"name":"wp","href":"https:\/\/api.w.org\/{rel}","templated":true}]}}