{"id":2952,"date":"2019-07-29T10:10:48","date_gmt":"2019-07-29T08:10:48","guid":{"rendered":"https:\/\/buceoanilao.com\/contact\/"},"modified":"2026-03-17T09:48:58","modified_gmt":"2026-03-17T08:48:58","slug":"contact","status":"publish","type":"page","link":"https:\/\/buceoanilao.com\/es\/contact\/","title":{"rendered":"CONTACTO"},"content":{"rendered":"<p>[et_pb_section fb_built=\u00bb1&#8243; _builder_version=\u00bb4.16&#8243; background_enable_image=\u00bboff\u00bb custom_css_main_element=\u00bbheight: 500px;\u00bb global_colors_info=\u00bb{}\u00bb custom_css_main_element_last_edited=\u00bbon|tablet\u00bb custom_css_main_element_phone=\u00bbheight: 250px;\u00bb custom_css_main_element_tablet=\u00bbheight: 350px;\u00bb][et_pb_row _builder_version=\u00bb4.16&#8243; custom_padding=\u00bb||0px||false|false\u00bb custom_css_main_element=\u00bbposition: absolute;||bottom: 0px;||width: 100%;||max-width: 100%;||text-align: center;\u00bb global_colors_info=\u00bb{}\u00bb][et_pb_column type=\u00bb4_4&#8243; _builder_version=\u00bb4.16&#8243; custom_css_main_element=\u00bbmargin: auto;\u00bb global_colors_info=\u00bb{}\u00bb][et_pb_text _builder_version=\u00bb4.16&#8243; custom_margin=\u00bb||0px||false|false\u00bb custom_padding=\u00bb||0px||false|false\u00bb custom_css_main_element=\u00bbfont-size: 120px;||line-height: 0.7;\u00bb global_colors_info=\u00bb{}\u00bb custom_css_main_element_last_edited=\u00bbon|phone\u00bb custom_css_main_element_phone=\u00bbfont-size: 70px;||line-height: 0.7;\u00bb custom_css_main_element_tablet=\u00bbfont-size: 90px;||line-height: 0.7;\u00bb]<\/p>\n<p style=\"text-align: center;\"><span style=\"color: #ffffff;\"><b>CONTACTO<\/b><\/span><\/p>\n<p>[\/et_pb_text][et_pb_text disabled_on=\u00bbon|on|on\u00bb module_id=\u00bbboxcovidContacto\u00bb _builder_version=\u00bb4.16&#8243; disabled=\u00bbon\u00bb global_colors_info=\u00bb{}\u00bb]<\/p>\n<h2 class=\"boxcovid contacto\" style=\"text-align: center;\">Debido al Covid-19 estamos temporalmente cerrados.<br \/>Les extra\u00f1amos a todos y esperamos volver a abrir pronto. Mant\u00e9nganse al tanto !<\/h2>\n<p>[\/et_pb_text][\/et_pb_column][\/et_pb_row][\/et_pb_section][et_pb_section fb_built=\u00bb1&#8243; _builder_version=\u00bb4.16&#8243; custom_padding=\u00bb0px||0px||false|false\u00bb global_colors_info=\u00bb{}\u00bb][et_pb_row _builder_version=\u00bb4.16&#8243; background_size=\u00bbinitial\u00bb background_position=\u00bbtop_left\u00bb background_repeat=\u00bbrepeat\u00bb global_colors_info=\u00bb{}\u00bb][et_pb_column type=\u00bb4_4&#8243; _builder_version=\u00bb4.16&#8243; custom_padding=\u00bb|||\u00bb global_colors_info=\u00bb{}\u00bb custom_padding__hover=\u00bb|||\u00bb][et_pb_image src=\u00bbhttps:\/\/buceoanilao.com\/wp-content\/uploads\/2020\/05\/ICO_contacto.png\u00bb alt=\u00bbContact\u00bb title_text=\u00bbContact\u00bb align=\u00bbcenter\u00bb align_tablet=\u00bbcenter\u00bb align_phone=\u00bb\u00bb align_last_edited=\u00bbon|desktop\u00bb _builder_version=\u00bb4.16&#8243; border_style=\u00bbsolid\u00bb sticky=\u00bboff\u00bb always_center_on_mobile=\u00bbon\u00bb global_colors_info=\u00bb{}\u00bb][\/et_pb_image][et_pb_text _builder_version=\u00bb4.16&#8243; border_style=\u00bbsolid\u00bb global_colors_info=\u00bb{}\u00bb]<\/p>\n<p style=\"text-align: center;\">Estamos aqu\u00ed para ayudaros a responder cualquier pregunta que pueda surgir!<\/p>\n<p>[\/et_pb_text][\/et_pb_column][\/et_pb_row][\/et_pb_section][et_pb_section fb_built=\u00bb1&#8243; _builder_version=\u00bb4.16&#8243; custom_padding=\u00bb0px||||false|false\u00bb global_colors_info=\u00bb{}\u00bb][et_pb_row _builder_version=\u00bb4.16&#8243; global_colors_info=\u00bb{}\u00bb][et_pb_column type=\u00bb4_4&#8243; _builder_version=\u00bb4.16&#8243; global_colors_info=\u00bb{}\u00bb][et_pb_contact_form email=\u00bbcontact@buceoanilao.com\u00bb custom_message=\u00bbHello!||et_pb_line_break_holder||%%First_Name%% %%Last_name%% with the email %%Email%% has sent a message from the contact section of the buceoanilao.com website.||et_pb_line_break_holder||Message: %%Message%%\u00bb success_message=\u00bbGracias por contactar con nosotros\u00bb submit_button_text=\u00bbEnviar\u00bb _builder_version=\u00bb4.24.0&#8243; _unique_id=\u00bb1306dcc3-fe16-4c03-bafa-4fef44992fad\u00bb custom_button=\u00bbon\u00bb button_text_color=\u00bb#ffffff\u00bb button_bg_color=\u00bb#3E92B6&#8243; button_border_width=\u00bb0px\u00bb button_border_color=\u00bbrgba(0,0,0,0)\u00bb button_border_radius=\u00bb100px\u00bb button_use_icon=\u00bboff\u00bb hover_enabled=\u00bb0&#8243; button_bg_color_last_edited=\u00bboff|desktop\u00bb box_shadow_style_button=\u00bbpreset3&#8243; global_colors_info=\u00bb{}\u00bb button_bg_color__hover_enabled=\u00bbon|desktop\u00bb button_bg_color__hover=\u00bb#01607C\u00bb button_bg_enable_color__hover=\u00bbon\u00bb button_text_color__hover_enabled=\u00bbon|hover\u00bb button_text_color__hover=\u00bb#ffffff\u00bb use_spam_service=\u00bbon\u00bb recaptcha_list=\u00bbBuceoAnilao|BuceoAnilao-0&#8243; sticky_enabled=\u00bb0&#8243;][et_pb_contact_field field_id=\u00bbFirst_Name\u00bb field_title=\u00bbNombre\u00bb _builder_version=\u00bb4.16&#8243; global_colors_info=\u00bb{}\u00bb button_text_size__hover_enabled=\u00bboff\u00bb button_one_text_size__hover_enabled=\u00bboff\u00bb button_two_text_size__hover_enabled=\u00bboff\u00bb button_text_color__hover_enabled=\u00bboff\u00bb button_one_text_color__hover_enabled=\u00bboff\u00bb button_two_text_color__hover_enabled=\u00bboff\u00bb button_border_width__hover_enabled=\u00bboff\u00bb button_one_border_width__hover_enabled=\u00bboff\u00bb button_two_border_width__hover_enabled=\u00bboff\u00bb button_border_color__hover_enabled=\u00bboff\u00bb button_one_border_color__hover_enabled=\u00bboff\u00bb button_two_border_color__hover_enabled=\u00bboff\u00bb button_border_radius__hover_enabled=\u00bboff\u00bb button_one_border_radius__hover_enabled=\u00bboff\u00bb button_two_border_radius__hover_enabled=\u00bboff\u00bb button_letter_spacing__hover_enabled=\u00bboff\u00bb button_one_letter_spacing__hover_enabled=\u00bboff\u00bb button_two_letter_spacing__hover_enabled=\u00bboff\u00bb button_bg_color__hover_enabled=\u00bboff\u00bb button_one_bg_color__hover_enabled=\u00bboff\u00bb button_two_bg_color__hover_enabled=\u00bboff\u00bb][\/et_pb_contact_field][et_pb_contact_field field_id=\u00bbLast_name\u00bb field_title=\u00bbApellidos\u00bb _builder_version=\u00bb4.16&#8243; global_colors_info=\u00bb{}\u00bb][\/et_pb_contact_field][et_pb_contact_field field_id=\u00bbEmail\u00bb field_title=\u00bbCorreo electr\u00f3nico\u00bb field_type=\u00bbemail\u00bb fullwidth_field=\u00bbon\u00bb _builder_version=\u00bb4.16&#8243; global_colors_info=\u00bb{}\u00bb button_text_size__hover_enabled=\u00bboff\u00bb button_one_text_size__hover_enabled=\u00bboff\u00bb button_two_text_size__hover_enabled=\u00bboff\u00bb button_text_color__hover_enabled=\u00bboff\u00bb button_one_text_color__hover_enabled=\u00bboff\u00bb button_two_text_color__hover_enabled=\u00bboff\u00bb button_border_width__hover_enabled=\u00bboff\u00bb button_one_border_width__hover_enabled=\u00bboff\u00bb button_two_border_width__hover_enabled=\u00bboff\u00bb button_border_color__hover_enabled=\u00bboff\u00bb button_one_border_color__hover_enabled=\u00bboff\u00bb button_two_border_color__hover_enabled=\u00bboff\u00bb button_border_radius__hover_enabled=\u00bboff\u00bb button_one_border_radius__hover_enabled=\u00bboff\u00bb button_two_border_radius__hover_enabled=\u00bboff\u00bb button_letter_spacing__hover_enabled=\u00bboff\u00bb button_one_letter_spacing__hover_enabled=\u00bboff\u00bb button_two_letter_spacing__hover_enabled=\u00bboff\u00bb button_bg_color__hover_enabled=\u00bboff\u00bb button_one_bg_color__hover_enabled=\u00bboff\u00bb button_two_bg_color__hover_enabled=\u00bboff\u00bb][\/et_pb_contact_field][et_pb_contact_field field_id=\u00bbMessage\u00bb field_title=\u00bbMensaje\u00bb field_type=\u00bbtext\u00bb fullwidth_field=\u00bbon\u00bb _builder_version=\u00bb4.16&#8243; global_colors_info=\u00bb{}\u00bb button_text_size__hover_enabled=\u00bboff\u00bb button_one_text_size__hover_enabled=\u00bboff\u00bb button_two_text_size__hover_enabled=\u00bboff\u00bb button_text_color__hover_enabled=\u00bboff\u00bb button_one_text_color__hover_enabled=\u00bboff\u00bb button_two_text_color__hover_enabled=\u00bboff\u00bb button_border_width__hover_enabled=\u00bboff\u00bb button_one_border_width__hover_enabled=\u00bboff\u00bb button_two_border_width__hover_enabled=\u00bboff\u00bb button_border_color__hover_enabled=\u00bboff\u00bb button_one_border_color__hover_enabled=\u00bboff\u00bb button_two_border_color__hover_enabled=\u00bboff\u00bb button_border_radius__hover_enabled=\u00bboff\u00bb button_one_border_radius__hover_enabled=\u00bboff\u00bb button_two_border_radius__hover_enabled=\u00bboff\u00bb button_letter_spacing__hover_enabled=\u00bboff\u00bb button_one_letter_spacing__hover_enabled=\u00bboff\u00bb button_two_letter_spacing__hover_enabled=\u00bboff\u00bb button_bg_color__hover_enabled=\u00bboff\u00bb button_one_bg_color__hover_enabled=\u00bboff\u00bb button_two_bg_color__hover_enabled=\u00bboff\u00bb][\/et_pb_contact_field][\/et_pb_contact_form][\/et_pb_column][\/et_pb_row][\/et_pb_section][et_pb_section fb_built=\u00bb1&#8243; admin_label=\u00bbPIE ESPA\u00d1OL\u00bb _builder_version=\u00bb4.16&#8243; custom_css_main_element=\u00bbbackground-color: black;\u00bb saved_tabs=\u00bball\u00bb global_colors_info=\u00bb{}\u00bb][et_pb_row _builder_version=\u00bb4.16&#8243; background_size=\u00bbinitial\u00bb background_position=\u00bbtop_left\u00bb background_repeat=\u00bbrepeat\u00bb global_colors_info=\u00bb{}\u00bb][et_pb_column type=\u00bb4_4&#8243; _builder_version=\u00bb4.16&#8243; custom_padding=\u00bb|||\u00bb global_colors_info=\u00bb{}\u00bb custom_padding__hover=\u00bb|||\u00bb][et_pb_image src=\u00bbhttps:\/\/buceoanilao.com\/wp-content\/uploads\/2019\/07\/logo_blanco.png\u00bb show_bottom_space=\u00bboff\u00bb align=\u00bbcenter\u00bb align_tablet=\u00bbcenter\u00bb align_phone=\u00bb\u00bb align_last_edited=\u00bbon|desktop\u00bb _builder_version=\u00bb4.16&#8243; custom_css_main_element=\u00bbmax-width: 100px;\u00bb sticky=\u00bbon\u00bb global_colors_info=\u00bb{}\u00bb][\/et_pb_image][\/et_pb_column][\/et_pb_row][et_pb_row column_structure=\u00bb1_3,1_3,1_3&#8243; _builder_version=\u00bb4.16&#8243; global_colors_info=\u00bb{}\u00bb][et_pb_column type=\u00bb1_3&#8243; _builder_version=\u00bb4.16&#8243; global_colors_info=\u00bb{}\u00bb][et_pb_text _builder_version=\u00bb4.16&#8243; global_colors_info=\u00bb{}\u00bb]<\/p>\n<h3 style=\"text-align: center;\"><span style=\"color: #ffcc00;\"><strong>CONTACTO<\/strong><\/span><\/h3>\n<p style=\"text-align: center;\"><img loading=\"lazy\" decoding=\"async\" class=\"wp-image-134 alignnone size-full\" src=\"https:\/\/buceoanilao.com\/wp-content\/uploads\/2019\/07\/location_icon.png\" alt=\"\" width=\"17\" height=\"28\" \/> <span style=\"color: #ffffff;\">Buceo Anilao Beach &amp; Dive Resort San Teodoro, Mabini, Batangas Philippines<\/span><\/p>\n<p style=\"text-align: center;\"><img loading=\"lazy\" decoding=\"async\" class=\"wp-image-131 alignnone size-full\" src=\"https:\/\/buceoanilao.com\/wp-content\/uploads\/2019\/07\/phone_icon.png\" alt=\"\" width=\"26\" height=\"26\" \/> <span style=\"color: #ffffff;\">+ 63 (0) 917 579 7333<\/span><\/p>\n<p style=\"text-align: center;\"><img loading=\"lazy\" decoding=\"async\" class=\"wp-image-132 alignnone size-full\" src=\"https:\/\/buceoanilao.com\/wp-content\/uploads\/2019\/07\/reloj_icon.png\" alt=\"\" width=\"28\" height=\"28\" \/> <span style=\"color: #ffffff;\">Lunes &#8211; Domingo 07:00 -22:00<\/span><\/p>\n<p style=\"text-align: center;\"><img loading=\"lazy\" decoding=\"async\" class=\"wp-image-133 alignnone size-full\" src=\"https:\/\/buceoanilao.com\/wp-content\/uploads\/2019\/07\/mai_icon.png\" alt=\"\" width=\"23\" height=\"16\" \/>\u00a0<span style=\"color: #ffffff;\"> contact@buceoanilao.com<\/span><\/p>\n<p>[\/et_pb_text][\/et_pb_column][et_pb_column type=\u00bb1_3&#8243; _builder_version=\u00bb4.16&#8243; global_colors_info=\u00bb{}\u00bb][et_pb_text _builder_version=\u00bb4.16&#8243; global_colors_info=\u00bb{}\u00bb]<\/p>\n<h3 style=\"text-align: center;\"><span style=\"color: #ffcc00;\"><strong>S\u00cdGUENOS<\/strong><\/span><\/h3>\n<p style=\"text-align: center;\"><a href=\"https:\/\/es-es.facebook.com\/BuceoAnilao\/\" target=\"_blank\" rel=\"noopener noreferrer\"><img loading=\"lazy\" decoding=\"async\" class=\"wp-image-164 alignnone size-full\" src=\"https:\/\/buceoanilao.com\/wp-content\/uploads\/2019\/07\/facebook_icon.png\" alt=\"\" width=\"60\" height=\"60\" \/><\/a> <a href=\"https:\/\/www.instagram.com\/buceoanilao\/\" target=\"_blank\" rel=\"noopener noreferrer\"><img loading=\"lazy\" decoding=\"async\" class=\"wp-image-163 alignnone size-full\" src=\"https:\/\/buceoanilao.com\/wp-content\/uploads\/2019\/07\/instagram_icon.png\" alt=\"\" width=\"60\" height=\"60\" \/><\/a> <a href=\"https:\/\/twitter.com\/buceoanilao\" target=\"_blank\" rel=\"noopener noreferrer\"><img loading=\"lazy\" decoding=\"async\" class=\"wp-image-162 alignnone size-full\" src=\"https:\/\/buceoanilao.com\/wp-content\/uploads\/2019\/07\/twitter_icon.png\" alt=\"\" width=\"60\" height=\"60\" \/><\/a> <a href=\"https:\/\/www.youtube.com\/channel\/UCiM48M68t5qywYDGK87Rcnw\" target=\"_blank\" rel=\"noopener noreferrer\"><img loading=\"lazy\" decoding=\"async\" class=\"wp-image-161 alignnone size-full\" src=\"https:\/\/buceoanilao.com\/wp-content\/uploads\/2019\/07\/youtube_icon.png\" alt=\"\" width=\"60\" height=\"60\" \/><\/a><\/p>\n<p style=\"text-align: center;\">\n<p style=\"text-align: center;\">[\/et_pb_text][\/et_pb_column][et_pb_column type=\u00bb1_3&#8243; _builder_version=\u00bb4.16&#8243; global_colors_info=\u00bb{}\u00bb][et_pb_text _builder_version=\u00bb4.16&#8243; global_colors_info=\u00bb{}\u00bb]<\/p>\n<h3 style=\"text-align: center;\"><span style=\"color: #ffcc00;\"><strong>COMPARTE TU EXPERIENCIA<\/strong><\/span><\/h3>\n<p style=\"text-align: center;\"><a href=\"https:\/\/www.tripadvisor.com\/Hotel_Review-g1587920-d6737843-Reviews-Buceo_Anilao_Beach_Dive_Resort-Mabini_Batangas_Province_Calabarzon_Region_Luzon.html\" target=\"_blank\" rel=\"noopener noreferrer\"><img loading=\"lazy\" decoding=\"async\" class=\"aligncenter wp-image-4010 size-full\" src=\"https:\/\/buceoanilao.com\/wp-content\/uploads\/2020\/08\/tripadvisor.png\" alt=\"\" width=\"167\" height=\"209\" \/><\/a><\/p>\n<p>&nbsp;<\/p>\n<p>[\/et_pb_text][\/et_pb_column][\/et_pb_row][\/et_pb_section]<\/p>\n","protected":false},"excerpt":{"rendered":"<p>CONTACTODebido al Covid-19 estamos temporalmente cerrados.Les extra\u00f1amos a todos y esperamos volver a abrir pronto. Mant\u00e9nganse al tanto !Estamos aqu\u00ed para ayudaros a responder cualquier pregunta que pueda surgir!CONTACTO Buceo Anilao Beach &amp; Dive Resort San Teodoro, Mabini, Batangas Philippines + 63 (0) 917 579 7333 Lunes &#8211; Domingo 07:00 -22:00 \u00a0 contact@buceoanilao.comS\u00cdGUENOS COMPARTE TU [&hellip;]<\/p>\n","protected":false},"author":1,"featured_media":0,"parent":0,"menu_order":0,"comment_status":"closed","ping_status":"closed","template":"","meta":{"_et_pb_use_builder":"on","_et_pb_old_content":"","_et_gb_content_width":"","footnotes":""},"yoast_head":"<!-- This site is optimized with the Yoast SEO plugin v22.0 - https:\/\/yoast.com\/wordpress\/plugins\/seo\/ -->\r\n<title>CONTACTO | Te ofreceremos el mejor presupuesto para tu viaje de buceo<\/title>\r\n<meta name=\"description\" content=\"Nuestros resort y paquetes de precios se adaptan a viajes de buceo en grupo y excursiones a Isla Verde. Inf\u00f3rmate, te esperamos.\" \/>\r\n<meta name=\"robots\" content=\"index, follow, max-snippet:-1, max-image-preview:large, max-video-preview:-1\" \/>\r\n<link rel=\"canonical\" href=\"https:\/\/buceoanilao.com\/es\/contact\/\" \/>\r\n<meta property=\"og:locale\" content=\"es_ES\" \/>\r\n<meta property=\"og:type\" content=\"article\" \/>\r\n<meta property=\"og:title\" content=\"CONTACTO | Te ofreceremos el mejor presupuesto para tu viaje de buceo\" \/>\r\n<meta property=\"og:description\" content=\"Nuestros resort y paquetes de precios se adaptan a viajes de buceo en grupo y excursiones a Isla Verde. Inf\u00f3rmate, te esperamos.\" \/>\r\n<meta property=\"og:url\" content=\"https:\/\/buceoanilao.com\/es\/contact\/\" \/>\r\n<meta property=\"og:site_name\" content=\"buceoanilao.com\" \/>\r\n<meta property=\"article:modified_time\" content=\"2026-03-17T08:48:58+00:00\" \/>\r\n<meta property=\"og:image\" content=\"https:\/\/buceoanilao.com\/wp-content\/uploads\/2019\/07\/location_icon.png\" \/>\r\n<meta name=\"twitter:card\" content=\"summary_large_image\" \/>\r\n<meta name=\"twitter:label1\" content=\"Tiempo de lectura\" \/>\n\t<meta name=\"twitter:data1\" content=\"3 minutos\" \/>\r\n<script type=\"application\/ld+json\" class=\"yoast-schema-graph\">{\"@context\":\"https:\/\/schema.org\",\"@graph\":[{\"@type\":\"WebPage\",\"@id\":\"https:\/\/buceoanilao.com\/es\/contact\/\",\"url\":\"https:\/\/buceoanilao.com\/es\/contact\/\",\"name\":\"CONTACTO | Te ofreceremos el mejor presupuesto para tu viaje de buceo\",\"isPartOf\":{\"@id\":\"https:\/\/buceoanilao.com\/#website\"},\"datePublished\":\"2019-07-29T08:10:48+00:00\",\"dateModified\":\"2026-03-17T08:48:58+00:00\",\"description\":\"Nuestros resort y paquetes de precios se adaptan a viajes de buceo en grupo y excursiones a Isla Verde. Inf\u00f3rmate, te esperamos.\",\"breadcrumb\":{\"@id\":\"https:\/\/buceoanilao.com\/es\/contact\/#breadcrumb\"},\"inLanguage\":\"es\",\"potentialAction\":[{\"@type\":\"ReadAction\",\"target\":[\"https:\/\/buceoanilao.com\/es\/contact\/\"]}]},{\"@type\":\"BreadcrumbList\",\"@id\":\"https:\/\/buceoanilao.com\/es\/contact\/#breadcrumb\",\"itemListElement\":[{\"@type\":\"ListItem\",\"position\":1,\"name\":\"Portada\",\"item\":\"https:\/\/buceoanilao.com\/\"},{\"@type\":\"ListItem\",\"position\":2,\"name\":\"CONTACTO\"}]},{\"@type\":\"WebSite\",\"@id\":\"https:\/\/buceoanilao.com\/#website\",\"url\":\"https:\/\/buceoanilao.com\/\",\"name\":\"buceoanilao.com\",\"description\":\"Buceo Anilao\",\"potentialAction\":[{\"@type\":\"SearchAction\",\"target\":{\"@type\":\"EntryPoint\",\"urlTemplate\":\"https:\/\/buceoanilao.com\/?s={search_term_string}\"},\"query-input\":\"required name=search_term_string\"}],\"inLanguage\":\"es\"}]}<\/script>\r\n<!-- \/ Yoast SEO plugin. -->","yoast_head_json":{"title":"CONTACTO | Te ofreceremos el mejor presupuesto para tu viaje de buceo","description":"Nuestros resort y paquetes de precios se adaptan a viajes de buceo en grupo y excursiones a Isla Verde. Inf\u00f3rmate, te esperamos.","robots":{"index":"index","follow":"follow","max-snippet":"max-snippet:-1","max-image-preview":"max-image-preview:large","max-video-preview":"max-video-preview:-1"},"canonical":"https:\/\/buceoanilao.com\/es\/contact\/","og_locale":"es_ES","og_type":"article","og_title":"CONTACTO | Te ofreceremos el mejor presupuesto para tu viaje de buceo","og_description":"Nuestros resort y paquetes de precios se adaptan a viajes de buceo en grupo y excursiones a Isla Verde. Inf\u00f3rmate, te esperamos.","og_url":"https:\/\/buceoanilao.com\/es\/contact\/","og_site_name":"buceoanilao.com","article_modified_time":"2026-03-17T08:48:58+00:00","og_image":[{"url":"https:\/\/buceoanilao.com\/wp-content\/uploads\/2019\/07\/location_icon.png"}],"twitter_card":"summary_large_image","twitter_misc":{"Tiempo de lectura":"3 minutos"},"schema":{"@context":"https:\/\/schema.org","@graph":[{"@type":"WebPage","@id":"https:\/\/buceoanilao.com\/es\/contact\/","url":"https:\/\/buceoanilao.com\/es\/contact\/","name":"CONTACTO | Te ofreceremos el mejor presupuesto para tu viaje de buceo","isPartOf":{"@id":"https:\/\/buceoanilao.com\/#website"},"datePublished":"2019-07-29T08:10:48+00:00","dateModified":"2026-03-17T08:48:58+00:00","description":"Nuestros resort y paquetes de precios se adaptan a viajes de buceo en grupo y excursiones a Isla Verde. Inf\u00f3rmate, te esperamos.","breadcrumb":{"@id":"https:\/\/buceoanilao.com\/es\/contact\/#breadcrumb"},"inLanguage":"es","potentialAction":[{"@type":"ReadAction","target":["https:\/\/buceoanilao.com\/es\/contact\/"]}]},{"@type":"BreadcrumbList","@id":"https:\/\/buceoanilao.com\/es\/contact\/#breadcrumb","itemListElement":[{"@type":"ListItem","position":1,"name":"Portada","item":"https:\/\/buceoanilao.com\/"},{"@type":"ListItem","position":2,"name":"CONTACTO"}]},{"@type":"WebSite","@id":"https:\/\/buceoanilao.com\/#website","url":"https:\/\/buceoanilao.com\/","name":"buceoanilao.com","description":"Buceo Anilao","potentialAction":[{"@type":"SearchAction","target":{"@type":"EntryPoint","urlTemplate":"https:\/\/buceoanilao.com\/?s={search_term_string}"},"query-input":"required name=search_term_string"}],"inLanguage":"es"}]}},"_links":{"self":[{"href":"https:\/\/buceoanilao.com\/es\/wp-json\/wp\/v2\/pages\/2952"}],"collection":[{"href":"https:\/\/buceoanilao.com\/es\/wp-json\/wp\/v2\/pages"}],"about":[{"href":"https:\/\/buceoanilao.com\/es\/wp-json\/wp\/v2\/types\/page"}],"author":[{"embeddable":true,"href":"https:\/\/buceoanilao.com\/es\/wp-json\/wp\/v2\/users\/1"}],"replies":[{"embeddable":true,"href":"https:\/\/buceoanilao.com\/es\/wp-json\/wp\/v2\/comments?post=2952"}],"version-history":[{"count":3,"href":"https:\/\/buceoanilao.com\/es\/wp-json\/wp\/v2\/pages\/2952\/revisions"}],"predecessor-version":[{"id":5615,"href":"https:\/\/buceoanilao.com\/es\/wp-json\/wp\/v2\/pages\/2952\/revisions\/5615"}],"wp:attachment":[{"href":"https:\/\/buceoanilao.com\/es\/wp-json\/wp\/v2\/media?parent=2952"}],"curies":[{"name":"wp","href":"https:\/\/api.w.org\/{rel}","templated":true}]}}