{"id":3968,"date":"2020-07-07T10:09:16","date_gmt":"2020-07-07T08:09:16","guid":{"rendered":"https:\/\/buceoanilao.com\/?page_id=3968"},"modified":"2023-04-04T12:40:40","modified_gmt":"2023-04-04T10:40:40","slug":"veranstaltungen","status":"publish","type":"page","link":"https:\/\/buceoanilao.com\/de\/veranstaltungen\/","title":{"rendered":"Veranstaltungen"},"content":{"rendered":"<p>[et_pb_section fb_built=&#8220;1&#8243; admin_label=&#8220;CABECERA_PAGINA&#8220; _builder_version=&#8220;4.0.9&#8243; background_image=&#8220;https:\/\/buceoanilao.com\/wp-content\/uploads\/2020\/06\/106032634_553517118661519_3982343908981978163_n.jpg-scaled.jpeg&#8220; custom_css_main_element=&#8220;height: 500px;&#8220; custom_css_main_element_last_edited=&#8220;on|tablet&#8220; custom_css_main_element_phone=&#8220;height: 250px;&#8220; custom_css_main_element_tablet=&#8220;height: 350px;&#8220;][et_pb_row _builder_version=&#8220;4.0.9&#8243; custom_padding=&#8220;||0px||false|false&#8220; custom_css_main_element=&#8220;position: absolute;||bottom: 0px;||width: 100%;||max-width: 100%;||text-align: center;&#8220;][et_pb_column type=&#8220;4_4&#8243; _builder_version=&#8220;4.0.9&#8243; custom_css_main_element=&#8220;margin: auto;&#8220;][et_pb_text _builder_version=&#8220;4.0.9&#8243; custom_margin=&#8220;||0px||false|false&#8220; custom_padding=&#8220;||0px||false|false&#8220; custom_css_main_element=&#8220;font-size: 120px;||line-height: 0.7;&#8220; custom_css_main_element_last_edited=&#8220;on|phone&#8220; custom_css_main_element_phone=&#8220;font-size: 70px;||line-height: 0.7;&#8220; custom_css_main_element_tablet=&#8220;font-size: 90px;||line-height: 0.7;&#8220;]<\/p>\n<p style=\"text-align: center;\"><span style=\"color: #ffffff;\"><b>VERANSTALTUNGEN<\/b><\/span><\/p>\n<p>[\/et_pb_text][\/et_pb_column][\/et_pb_row][\/et_pb_section][et_pb_section fb_built=&#8220;1&#8243; _builder_version=&#8220;4.0.9&#8243; custom_margin=&#8220;40px||||false|false&#8220; custom_padding=&#8220;0px||||false|false&#8220;][et_pb_row _builder_version=&#8220;4.0.9&#8243; background_enable_color=&#8220;off&#8220; background_size=&#8220;initial&#8220; background_position=&#8220;top_left&#8220; background_repeat=&#8220;repeat&#8220; border_width_all=&#8220;2px&#8220; border_color_all=&#8220;#F2CD00&#8243; box_shadow_style=&#8220;preset1&#8243;][et_pb_column type=&#8220;4_4&#8243; _builder_version=&#8220;3.25&#8243; custom_padding=&#8220;|||&#8220; custom_padding__hover=&#8220;|||&#8220;][et_pb_text _builder_version=&#8220;4.0.9&#8243; text_font_size=&#8220;18&#8243;]<\/p>\n<h3 style=\"text-align: center;\"><em>Hier findest Du die aktullen News on Dive Show wo wir zu finden sind und andere hilfreiche Info!<\/em><\/h3>\n<p>[\/et_pb_text][\/et_pb_column][\/et_pb_row][\/et_pb_section][et_pb_section fb_built=&#8220;1&#8243; admin_label=&#8220;DIVE CENTER CABECERA&#8220; module_id=&#8220;DIVECENTER&#8220; _builder_version=&#8220;4.0.9&#8243; background_image=&#8220;https:\/\/buceoanilao.com\/wp-content\/uploads\/2020\/06\/fondo.jpg&#8220; parallax=&#8220;on&#8220; custom_margin=&#8220;0px||0px||false|false&#8220; custom_padding=&#8220;0px||0px||false|false&#8220;][et_pb_row column_structure=&#8220;1_2,1_2&#8243; module_id=&#8220;#RESORT&#8220; _builder_version=&#8220;3.26.6&#8243; background_size=&#8220;initial&#8220; background_position=&#8220;top_left&#8220; background_repeat=&#8220;repeat&#8220;][et_pb_column type=&#8220;1_2&#8243; _builder_version=&#8220;3.25&#8243; custom_padding=&#8220;|||&#8220; custom_padding__hover=&#8220;|||&#8220;][et_pb_image src=&#8220;https:\/\/buceoanilao.com\/wp-content\/uploads\/2020\/07\/VERANSTALTUNGEN.png&#8220; alt=&#8220;Dive Center&#8220; title_text=&#8220;Dive Center&#8220; align=&#8220;center&#8220; align_tablet=&#8220;center&#8220; align_phone=&#8220;&#8220; align_last_edited=&#8220;on|desktop&#8220; _builder_version=&#8220;4.0.9&#8243; custom_margin=&#8220;||0px||false|false&#8220; animation_style=&#8220;slide&#8220; animation_direction=&#8220;bottom&#8220; border_style=&#8220;solid&#8220; sticky=&#8220;off&#8220; always_center_on_mobile=&#8220;on&#8220;][\/et_pb_image][\/et_pb_column][et_pb_column type=&#8220;1_2&#8243; _builder_version=&#8220;3.25&#8243; custom_padding=&#8220;|||&#8220; custom_padding__hover=&#8220;|||&#8220;][et_pb_text _builder_version=&#8220;4.0.9&#8243; text_orientation=&#8220;center&#8220; module_alignment=&#8220;center&#8220; custom_margin=&#8220;40px||||false|false&#8220; custom_margin_tablet=&#8220;&#8220; custom_margin_phone=&#8220;0px||||false|false&#8220; custom_margin_last_edited=&#8220;on|desktop&#8220; animation_style=&#8220;slide&#8220; animation_direction=&#8220;bottom&#8220; border_style=&#8220;solid&#8220;]&nbsp;<\/p>\n<p>&nbsp;<\/p>\n<p style=\"text-align: left;\"><span style=\"color: #ffffff;\"><strong>Waehle aus zwischen Allen Angeboten oder nur spezifische Anlaesse<\/strong><\/span><\/p>\n<p>[\/et_pb_text][\/et_pb_column][\/et_pb_row][\/et_pb_section][et_pb_section fb_built=&#8220;1&#8243; _builder_version=&#8220;4.0.9&#8243;][et_pb_row _builder_version=&#8220;4.0.9&#8243;][et_pb_column type=&#8220;4_4&#8243; _builder_version=&#8220;4.0.9&#8243;][et_pb_text _builder_version=&#8220;4.0.9&#8243; text_orientation=&#8220;center&#8220; custom_padding=&#8220;20px|20px|20px|20px|false|false&#8220; animation_style=&#8220;fade&#8220; box_shadow_style=&#8220;preset1&#8243;]<\/p>\n<h3 style=\"text-align: center;\"><span style=\"color: #000000;\"><em><strong>Wir halten Euch hier auf dem laufenden bezueglich zukuentigen Shows, Neuigkeiten, Unterwasser \u2013 Workshops etc<\/em><\/span><\/h3>\n<p>[\/et_pb_text][\/et_pb_column][\/et_pb_row][\/et_pb_section][et_pb_section fb_built=&#8220;1&#8243; disabled_on=&#8220;on|on|on&#8220; _builder_version=&#8220;4.0.9&#8243; background_enable_color=&#8220;off&#8220; use_background_color_gradient=&#8220;on&#8220; background_color_gradient_start=&#8220;#ffffff&#8220; background_color_gradient_end=&#8220;#D2FFFE&#8220; disabled=&#8220;on&#8220; collapsed=&#8220;off&#8220;][et_pb_row _builder_version=&#8220;4.0.9&#8243;][et_pb_column type=&#8220;4_4&#8243; _builder_version=&#8220;4.0.9&#8243;][et_pb_filterable_portfolio fullwidth=&#8220;off&#8220; posts_number=&#8220;50&#8243; include_categories=&#8220;51,52&#8243; show_categories=&#8220;off&#8220; show_pagination=&#8220;off&#8220; zoom_icon_color=&#8220;#EDBF28&#8243; _builder_version=&#8220;4.0.9&#8243; title_level=&#8220;h6&#8243; title_font=&#8220;|700|||||||&#8220; text_orientation=&#8220;center&#8220; custom_padding=&#8220;40px|40px|40px|40px|false|false&#8220; animation_style=&#8220;zoom&#8220; box_shadow_style=&#8220;preset3&#8243; box_shadow_style_image=&#8220;preset1&#8243;][\/et_pb_filterable_portfolio][\/et_pb_column][\/et_pb_row][\/et_pb_section][et_pb_section fb_built=&#8220;1&#8243; admin_label=&#8220;OLAS&#8220; _builder_version=&#8220;4.0.9&#8243; custom_margin=&#8220;||||false|false&#8220; custom_padding=&#8220;||||false|false&#8220; top_divider_style=&#8220;waves2&#8243; top_divider_color=&#8220;#ceffff&#8220;][et_pb_row _builder_version=&#8220;3.26.6&#8243; custom_margin=&#8220;50px||||false|false&#8220;][et_pb_column type=&#8220;4_4&#8243; _builder_version=&#8220;3.26.6&#8243;][et_pb_text _builder_version=&#8220;4.0.9&#8243;][\/et_pb_text][\/et_pb_column][\/et_pb_row][\/et_pb_section][et_pb_section fb_built=&#8220;1&#8243; admin_label=&#8220;FOOTER&#8220; _builder_version=&#8220;3.29.3&#8243; custom_css_main_element=&#8220;background-color: black;&#8220; saved_tabs=&#8220;all&#8220;][et_pb_row _builder_version=&#8220;3.25&#8243; background_size=&#8220;initial&#8220; background_position=&#8220;top_left&#8220; background_repeat=&#8220;repeat&#8220;][et_pb_column type=&#8220;4_4&#8243; _builder_version=&#8220;3.0.47&#8243; custom_padding=&#8220;|||&#8220; custom_padding__hover=&#8220;|||&#8220;][et_pb_image src=&#8220;https:\/\/buceoanilao.com\/wp-content\/uploads\/2019\/07\/logo_blanco.png&#8220; show_bottom_space=&#8220;off&#8220; align=&#8220;center&#8220; align_tablet=&#8220;center&#8220; align_phone=&#8220;&#8220; align_last_edited=&#8220;on|desktop&#8220; _builder_version=&#8220;3.23&#8243; custom_css_main_element=&#8220;max-width: 100px;&#8220; sticky=&#8220;on&#8220;][\/et_pb_image][\/et_pb_column][\/et_pb_row][et_pb_row column_structure=&#8220;1_3,1_3,1_3&#8243; _builder_version=&#8220;3.26.6&#8243;][et_pb_column type=&#8220;1_3&#8243; _builder_version=&#8220;3.26.6&#8243;][et_pb_text _builder_version=&#8220;4.0.9&#8243; hover_enabled=&#8220;0&#8243;]<\/p>\n<h3 style=\"text-align: center;\"><span style=\"color: #ffcc00;\"><strong>KONTAKT INFO<\/strong><\/span><\/h3>\n<p style=\"text-align: center;\"><img loading=\"lazy\" decoding=\"async\" class=\"wp-image-134 alignnone size-full\" src=\"https:\/\/buceoanilao.com\/wp-content\/uploads\/2019\/07\/location_icon.png\" alt=\"\" width=\"17\" height=\"28\" \/> <span style=\"color: #ffffff;\">Buceo Anilao Beach &amp; Dive Resort San Teodoro, Mabini, Batangas Philippines<\/span><\/p>\n<p style=\"text-align: center;\"><img loading=\"lazy\" decoding=\"async\" class=\"wp-image-131 alignnone size-full\" src=\"https:\/\/buceoanilao.com\/wp-content\/uploads\/2019\/07\/phone_icon.png\" alt=\"\" width=\"26\" height=\"26\" \/> <span style=\"color: #ffffff;\">++ 63 (0) 917 579 7333<\/span><\/p>\n<p style=\"text-align: center;\"><img loading=\"lazy\" decoding=\"async\" class=\"wp-image-132 alignnone size-full\" src=\"https:\/\/buceoanilao.com\/wp-content\/uploads\/2019\/07\/reloj_icon.png\" alt=\"\" width=\"28\" height=\"28\" \/> <span style=\"color: #ffffff;\">Montag \u2013 Sonntag 07:00 -22:00<\/span><\/p>\n<p style=\"text-align: center;\"><img loading=\"lazy\" decoding=\"async\" class=\"wp-image-133 alignnone size-full\" src=\"https:\/\/buceoanilao.com\/wp-content\/uploads\/2019\/07\/mai_icon.png\" alt=\"\" width=\"23\" height=\"16\" \/>\u00a0<span style=\"color: #ffffff;\"> contact@buceoanilao.com <\/span><\/p>\n<p>[\/et_pb_text][\/et_pb_column][et_pb_column type=&#8220;1_3&#8243; _builder_version=&#8220;3.26.6&#8243;][et_pb_text _builder_version=&#8220;4.0.9&#8243;]<\/p>\n<h3 style=\"text-align: center;\"><span style=\"color: #ffcc00;\"><strong>FOLGEN SIE UNS AUF<\/strong><\/span><\/h3>\n<p style=\"text-align: center;\"><a href=\"https:\/\/es-es.facebook.com\/BuceoAnilao\/\" target=\"_blank\" rel=\"noopener noreferrer\"><img loading=\"lazy\" decoding=\"async\" class=\"wp-image-164 alignnone size-full\" src=\"https:\/\/buceoanilao.com\/wp-content\/uploads\/2019\/07\/facebook_icon.png\" alt=\"\" width=\"60\" height=\"60\" \/><\/a> <a href=\"https:\/\/www.instagram.com\/buceoanilao\/\" target=\"_blank\" rel=\"noopener noreferrer\"><img loading=\"lazy\" decoding=\"async\" class=\"wp-image-163 alignnone size-full\" src=\"https:\/\/buceoanilao.com\/wp-content\/uploads\/2019\/07\/instagram_icon.png\" alt=\"\" width=\"60\" height=\"60\" \/><\/a> <a href=\"https:\/\/twitter.com\/buceoanilao\" target=\"_blank\" rel=\"noopener noreferrer\"><img loading=\"lazy\" decoding=\"async\" class=\"wp-image-162 alignnone size-full\" src=\"https:\/\/buceoanilao.com\/wp-content\/uploads\/2019\/07\/twitter_icon.png\" alt=\"\" width=\"60\" height=\"60\" \/><\/a> <a href=\"https:\/\/www.youtube.com\/channel\/UCiM48M68t5qywYDGK87Rcnw\" target=\"_blank\" rel=\"noopener noreferrer\"><img loading=\"lazy\" decoding=\"async\" class=\"wp-image-161 alignnone size-full\" src=\"https:\/\/buceoanilao.com\/wp-content\/uploads\/2019\/07\/youtube_icon.png\" alt=\"\" width=\"60\" height=\"60\" \/><\/a><\/p>\n<p style=\"text-align: center;\">[\/et_pb_text][\/et_pb_column][et_pb_column type=&#8220;1_3&#8243; _builder_version=&#8220;3.26.6&#8243;][et_pb_text _builder_version=&#8220;4.0.9&#8243;]<\/p>\n<h3 style=\"text-align: center;\"><span style=\"color: #ffcc00;\"><strong>BEURTEILEN SIE UNS !<\/strong><\/span><\/h3>\n<p style=\"text-align: center;\"><a href=\"https:\/\/www.tripadvisor.com\/Hotel_Review-g1587920-d6737843-Reviews-Buceo_Anilao_Beach_Dive_Resort-Mabini_Batangas_Province_Calabarzon_Region_Luzon.html\" target=\"_blank\" rel=\"noopener noreferrer\"><img loading=\"lazy\" decoding=\"async\" class=\"aligncenter wp-image-4010 size-full\" src=\"https:\/\/buceoanilao.com\/wp-content\/uploads\/2020\/08\/tripadvisor.png\" alt=\"\" width=\"167\" height=\"209\" \/><\/a><\/p>\n<p>&nbsp;<\/p>\n<p>[\/et_pb_text][\/et_pb_column][\/et_pb_row][\/et_pb_section]<\/p>\n","protected":false},"excerpt":{"rendered":"<p>VERANSTALTUNGENHier findest Du die aktullen News on Dive Show wo wir zu finden sind und andere hilfreiche Info!&nbsp; &nbsp; Waehle aus zwischen Allen Angeboten oder nur spezifische AnlaesseWir halten Euch hier auf dem laufenden bezueglich zukuentigen Shows, Neuigkeiten, Unterwasser \u2013 Workshops etcKONTAKT INFO Buceo Anilao Beach &amp; Dive Resort San Teodoro, Mabini, Batangas Philippines ++ [&hellip;]<\/p>\n","protected":false},"author":1,"featured_media":0,"parent":0,"menu_order":0,"comment_status":"closed","ping_status":"closed","template":"","meta":{"_et_pb_use_builder":"on","_et_pb_old_content":"<p>[et_pb_section fb_built=\"1\" admin_label=\"CABECERA_PAGINA\" _builder_version=\"4.0.9\" background_image=\"https:\/\/buceoanilao.medialabs.es\/wp-content\/uploads\/2020\/06\/106032634_553517118661519_3982343908981978163_n.jpg-scaled.jpeg\" custom_css_main_element=\"height: 500px;\" custom_css_main_element_last_edited=\"on|tablet\" custom_css_main_element_phone=\"height: 250px;\" custom_css_main_element_tablet=\"height: 350px;\"][et_pb_row _builder_version=\"4.0.9\" custom_padding=\"||0px||false|false\" custom_css_main_element=\"position: absolute;||bottom: 0px;||width: 100%;||max-width: 100%;||text-align: center;\"][et_pb_column type=\"4_4\" _builder_version=\"4.0.9\" custom_css_main_element=\"margin: auto;\"][et_pb_text _builder_version=\"4.0.9\" custom_margin=\"||0px||false|false\" custom_padding=\"||0px||false|false\" custom_css_main_element=\"font-size: 120px;||line-height: 0.7;\" custom_css_main_element_last_edited=\"on|phone\" custom_css_main_element_phone=\"font-size: 70px;||line-height: 0.7;\" custom_css_main_element_tablet=\"font-size: 90px;||line-height: 0.7;\"]<\/p><p style=\"text-align: center;\"><span style=\"color: #ffffff;\"><b>EVENTOS<\/b><\/span><\/p><p>[\/et_pb_text][\/et_pb_column][\/et_pb_row][\/et_pb_section][et_pb_section fb_built=\"1\" _builder_version=\"4.0.9\" custom_margin=\"40px||||false|false\" custom_padding=\"0px||||false|false\"][et_pb_row _builder_version=\"4.0.9\" background_enable_color=\"off\" background_size=\"initial\" background_position=\"top_left\" background_repeat=\"repeat\" border_width_all=\"2px\" border_color_all=\"#F2CD00\" box_shadow_style=\"preset1\"][et_pb_column type=\"4_4\" _builder_version=\"3.25\" custom_padding=\"|||\" custom_padding__hover=\"|||\"][et_pb_text _builder_version=\"4.0.9\" text_font_size=\"18\"]<\/p><h3 style=\"text-align: center;\"><em>\u201cAqu\u00ed podr\u00e1s encontrar las \u00faltimas noticias sobre las ferias en las que participamos, cursos de fotogarf\u00eda submarina y otros temas de inter\u00e9s\u201d<\/em><\/h3><p>[\/et_pb_text][\/et_pb_column][\/et_pb_row][\/et_pb_section][et_pb_section fb_built=\"1\" admin_label=\"DIVE CENTER CABECERA\" module_id=\"DIVECENTER\" _builder_version=\"4.0.9\" background_image=\"https:\/\/buceoanilao.medialabs.es\/wp-content\/uploads\/2020\/06\/fondo.jpg\" parallax=\"on\" custom_margin=\"0px||0px||false|false\" custom_padding=\"0px||0px||false|false\"][et_pb_row column_structure=\"1_2,1_2\" module_id=\"#RESORT\" _builder_version=\"3.26.6\" background_size=\"initial\" background_position=\"top_left\" background_repeat=\"repeat\"][et_pb_column type=\"1_2\" _builder_version=\"3.25\" custom_padding=\"|||\" custom_padding__hover=\"|||\"][et_pb_image src=\"https:\/\/buceoanilao.medialabs.es\/wp-content\/uploads\/2020\/06\/eventos.png\" alt=\"Dive Center\" title_text=\"Dive Center\" align=\"center\" align_tablet=\"center\" align_phone=\"\" align_last_edited=\"on|desktop\" _builder_version=\"4.0.9\" custom_margin=\"||0px||false|false\" animation_style=\"slide\" animation_direction=\"bottom\" border_style=\"solid\" sticky=\"off\" always_center_on_mobile=\"on\"][\/et_pb_image][\/et_pb_column][et_pb_column type=\"1_2\" _builder_version=\"3.25\" custom_padding=\"|||\" custom_padding__hover=\"|||\"][et_pb_text _builder_version=\"4.0.9\" text_orientation=\"center\" module_alignment=\"center\" custom_margin=\"40px||||false|false\" custom_margin_tablet=\"\" custom_margin_phone=\"0px||||false|false\" custom_margin_last_edited=\"on|desktop\" animation_style=\"slide\" animation_direction=\"bottom\" hover_enabled=\"0\" border_style=\"solid\"]<\/p><p>\u00a0<\/p><p>\u00a0<\/p><p style=\"text-align: left;\"><span style=\"color: #ffffff;\"><strong>Selecciona \"todos\", para ver todos los eventos o elige el tipo de evento que quieres consultar.<\/strong><\/span><\/p><p>[\/et_pb_text][\/et_pb_column][\/et_pb_row][\/et_pb_section][et_pb_section fb_built=\"1\" _builder_version=\"4.0.9\"][et_pb_row _builder_version=\"4.0.9\"][et_pb_column type=\"4_4\" _builder_version=\"4.0.9\"][et_pb_text _builder_version=\"4.0.9\" text_orientation=\"center\" custom_padding=\"20px|20px|20px|20px|false|false\" animation_style=\"fade\" box_shadow_style=\"preset1\"]<\/p><h3 style=\"text-align: center;\"><span style=\"color: #000000;\"><em><strong>Os mantendremos informados<\/strong> sobre futuras novedades, ferias y eventos<\/em><\/span><\/h3><p>[\/et_pb_text][\/et_pb_column][\/et_pb_row][\/et_pb_section][et_pb_section fb_built=\"1\" disabled_on=\"on|on|on\" _builder_version=\"4.0.9\" background_enable_color=\"off\" use_background_color_gradient=\"on\" background_color_gradient_start=\"#ffffff\" background_color_gradient_end=\"#D2FFFE\" disabled=\"on\" collapsed=\"off\"][et_pb_row _builder_version=\"4.0.9\"][et_pb_column type=\"4_4\" _builder_version=\"4.0.9\"][et_pb_filterable_portfolio fullwidth=\"off\" posts_number=\"50\" include_categories=\"51,52\" show_categories=\"off\" show_pagination=\"off\" zoom_icon_color=\"#EDBF28\" _builder_version=\"4.0.9\" title_level=\"h6\" title_font=\"|700|||||||\" text_orientation=\"center\" custom_padding=\"40px|40px|40px|40px|false|false\" animation_style=\"zoom\" box_shadow_style=\"preset3\" box_shadow_style_image=\"preset1\"][\/et_pb_filterable_portfolio][\/et_pb_column][\/et_pb_row][\/et_pb_section][et_pb_section fb_built=\"1\" admin_label=\"OLAS\" _builder_version=\"4.0.9\" custom_margin=\"||||false|false\" custom_padding=\"||||false|false\" top_divider_style=\"waves2\" top_divider_color=\"#ceffff\"][et_pb_row _builder_version=\"3.26.6\" custom_margin=\"50px||||false|false\"][et_pb_column type=\"4_4\" _builder_version=\"3.26.6\"][et_pb_text _builder_version=\"4.0.9\"][\/et_pb_text][\/et_pb_column][\/et_pb_row][\/et_pb_section]<\/p>","_et_gb_content_width":"","footnotes":""},"yoast_head":"<!-- This site is optimized with the Yoast SEO plugin v22.0 - https:\/\/yoast.com\/wordpress\/plugins\/seo\/ -->\r\n<title>Veranstaltungen - buceoanilao.com<\/title>\r\n<meta name=\"description\" content=\"Hier findest Du die aktullen News on Dive Show wo wir zu finden sind und andere hilfreiche Info!\" \/>\r\n<meta name=\"robots\" content=\"index, follow, max-snippet:-1, max-image-preview:large, max-video-preview:-1\" \/>\r\n<link rel=\"canonical\" href=\"https:\/\/buceoanilao.com\/events\/\" \/>\r\n<meta property=\"og:locale\" content=\"de_DE\" \/>\r\n<meta property=\"og:type\" content=\"article\" \/>\r\n<meta property=\"og:title\" content=\"Veranstaltungen - buceoanilao.com\" \/>\r\n<meta property=\"og:description\" content=\"Hier findest Du die aktullen News on Dive Show wo wir zu finden sind und andere hilfreiche Info!\" \/>\r\n<meta property=\"og:url\" content=\"https:\/\/buceoanilao.com\/events\/\" \/>\r\n<meta property=\"og:site_name\" content=\"buceoanilao.com\" \/>\r\n<meta property=\"article:modified_time\" content=\"2023-04-04T10:40:40+00:00\" \/>\r\n<meta property=\"og:image\" content=\"https:\/\/buceoanilao.com\/wp-content\/uploads\/2019\/07\/location_icon.png\" \/>\r\n<meta name=\"twitter:card\" content=\"summary_large_image\" \/>\r\n<meta name=\"twitter:label1\" content=\"Gesch\u00e4tzte Lesezeit\" \/>\n\t<meta name=\"twitter:data1\" content=\"4\u00a0Minuten\" \/>\r\n<script type=\"application\/ld+json\" class=\"yoast-schema-graph\">{\"@context\":\"https:\/\/schema.org\",\"@graph\":[{\"@type\":\"WebPage\",\"@id\":\"https:\/\/buceoanilao.com\/events\/\",\"url\":\"https:\/\/buceoanilao.com\/events\/\",\"name\":\"Veranstaltungen - buceoanilao.com\",\"isPartOf\":{\"@id\":\"https:\/\/buceoanilao.com\/#website\"},\"datePublished\":\"2020-07-07T08:09:16+00:00\",\"dateModified\":\"2023-04-04T10:40:40+00:00\",\"description\":\"Hier findest Du die aktullen News on Dive Show wo wir zu finden sind und andere hilfreiche Info!\",\"breadcrumb\":{\"@id\":\"https:\/\/buceoanilao.com\/events\/#breadcrumb\"},\"inLanguage\":\"de\",\"potentialAction\":[{\"@type\":\"ReadAction\",\"target\":[\"https:\/\/buceoanilao.com\/events\/\"]}]},{\"@type\":\"BreadcrumbList\",\"@id\":\"https:\/\/buceoanilao.com\/events\/#breadcrumb\",\"itemListElement\":[{\"@type\":\"ListItem\",\"position\":1,\"name\":\"Portada\",\"item\":\"https:\/\/buceoanilao.com\/de\/\"},{\"@type\":\"ListItem\",\"position\":2,\"name\":\"Veranstaltungen\"}]},{\"@type\":\"WebSite\",\"@id\":\"https:\/\/buceoanilao.com\/#website\",\"url\":\"https:\/\/buceoanilao.com\/\",\"name\":\"buceoanilao.com\",\"description\":\"Buceo Anilao\",\"potentialAction\":[{\"@type\":\"SearchAction\",\"target\":{\"@type\":\"EntryPoint\",\"urlTemplate\":\"https:\/\/buceoanilao.com\/?s={search_term_string}\"},\"query-input\":\"required name=search_term_string\"}],\"inLanguage\":\"de\"}]}<\/script>\r\n<!-- \/ Yoast SEO plugin. -->","yoast_head_json":{"title":"Veranstaltungen - buceoanilao.com","description":"Hier findest Du die aktullen News on Dive Show wo wir zu finden sind und andere hilfreiche Info!","robots":{"index":"index","follow":"follow","max-snippet":"max-snippet:-1","max-image-preview":"max-image-preview:large","max-video-preview":"max-video-preview:-1"},"canonical":"https:\/\/buceoanilao.com\/events\/","og_locale":"de_DE","og_type":"article","og_title":"Veranstaltungen - buceoanilao.com","og_description":"Hier findest Du die aktullen News on Dive Show wo wir zu finden sind und andere hilfreiche Info!","og_url":"https:\/\/buceoanilao.com\/events\/","og_site_name":"buceoanilao.com","article_modified_time":"2023-04-04T10:40:40+00:00","og_image":[{"url":"https:\/\/buceoanilao.com\/wp-content\/uploads\/2019\/07\/location_icon.png"}],"twitter_card":"summary_large_image","twitter_misc":{"Gesch\u00e4tzte Lesezeit":"4\u00a0Minuten"},"schema":{"@context":"https:\/\/schema.org","@graph":[{"@type":"WebPage","@id":"https:\/\/buceoanilao.com\/events\/","url":"https:\/\/buceoanilao.com\/events\/","name":"Veranstaltungen - buceoanilao.com","isPartOf":{"@id":"https:\/\/buceoanilao.com\/#website"},"datePublished":"2020-07-07T08:09:16+00:00","dateModified":"2023-04-04T10:40:40+00:00","description":"Hier findest Du die aktullen News on Dive Show wo wir zu finden sind und andere hilfreiche Info!","breadcrumb":{"@id":"https:\/\/buceoanilao.com\/events\/#breadcrumb"},"inLanguage":"de","potentialAction":[{"@type":"ReadAction","target":["https:\/\/buceoanilao.com\/events\/"]}]},{"@type":"BreadcrumbList","@id":"https:\/\/buceoanilao.com\/events\/#breadcrumb","itemListElement":[{"@type":"ListItem","position":1,"name":"Portada","item":"https:\/\/buceoanilao.com\/de\/"},{"@type":"ListItem","position":2,"name":"Veranstaltungen"}]},{"@type":"WebSite","@id":"https:\/\/buceoanilao.com\/#website","url":"https:\/\/buceoanilao.com\/","name":"buceoanilao.com","description":"Buceo Anilao","potentialAction":[{"@type":"SearchAction","target":{"@type":"EntryPoint","urlTemplate":"https:\/\/buceoanilao.com\/?s={search_term_string}"},"query-input":"required name=search_term_string"}],"inLanguage":"de"}]}},"_links":{"self":[{"href":"https:\/\/buceoanilao.com\/de\/wp-json\/wp\/v2\/pages\/3968"}],"collection":[{"href":"https:\/\/buceoanilao.com\/de\/wp-json\/wp\/v2\/pages"}],"about":[{"href":"https:\/\/buceoanilao.com\/de\/wp-json\/wp\/v2\/types\/page"}],"author":[{"embeddable":true,"href":"https:\/\/buceoanilao.com\/de\/wp-json\/wp\/v2\/users\/1"}],"replies":[{"embeddable":true,"href":"https:\/\/buceoanilao.com\/de\/wp-json\/wp\/v2\/comments?post=3968"}],"version-history":[{"count":3,"href":"https:\/\/buceoanilao.com\/de\/wp-json\/wp\/v2\/pages\/3968\/revisions"}],"predecessor-version":[{"id":5198,"href":"https:\/\/buceoanilao.com\/de\/wp-json\/wp\/v2\/pages\/3968\/revisions\/5198"}],"wp:attachment":[{"href":"https:\/\/buceoanilao.com\/de\/wp-json\/wp\/v2\/media?parent=3968"}],"curies":[{"name":"wp","href":"https:\/\/api.w.org\/{rel}","templated":true}]}}