{"id":2546,"date":"2019-07-29T10:10:48","date_gmt":"2019-07-29T08:10:48","guid":{"rendered":"https:\/\/buceoanilao.com\/contact\/"},"modified":"2026-03-17T09:46:24","modified_gmt":"2026-03-17T08:46:24","slug":"kontakt","status":"publish","type":"page","link":"https:\/\/buceoanilao.com\/de\/kontakt\/","title":{"rendered":"KONTAKT"},"content":{"rendered":"<p>[et_pb_section fb_built=&#8220;1&#8243; _builder_version=&#8220;4.16&#8243; background_image=&#8220;https:\/\/buceoanilao.com\/wp-content\/uploads\/2019\/11\/contact_background.jpg&#8220; custom_css_main_element=&#8220;height: 500px;&#8220; global_colors_info=&#8220;{}&#8220; custom_css_main_element_last_edited=&#8220;on|tablet&#8220; custom_css_main_element_phone=&#8220;height: 250px;&#8220; custom_css_main_element_tablet=&#8220;height: 350px;&#8220;][et_pb_row _builder_version=&#8220;4.16&#8243; custom_padding=&#8220;||0px||false|false&#8220; custom_css_main_element=&#8220;position: absolute;||bottom: 0px;||width: 100%;||max-width: 100%;||text-align: center;&#8220; global_colors_info=&#8220;{}&#8220;][et_pb_column type=&#8220;4_4&#8243; _builder_version=&#8220;4.16&#8243; custom_css_main_element=&#8220;margin: auto;&#8220; global_colors_info=&#8220;{}&#8220;][et_pb_text _builder_version=&#8220;4.16&#8243; custom_margin=&#8220;||0px||false|false&#8220; custom_padding=&#8220;||0px||false|false&#8220; custom_css_main_element=&#8220;font-size: 120px;||line-height: 0.7;&#8220; global_colors_info=&#8220;{}&#8220; custom_css_main_element_last_edited=&#8220;on|phone&#8220; custom_css_main_element_phone=&#8220;font-size: 70px;||line-height: 0.7;&#8220; custom_css_main_element_tablet=&#8220;font-size: 90px;||line-height: 0.7;&#8220;]<\/p>\n<p style=\"text-align: center;\"><span style=\"color: #ffffff;\"><b>KONTAKT<\/b><\/span><\/p>\n<p>[\/et_pb_text][et_pb_text disabled_on=&#8220;on|on|on&#8220; module_id=&#8220;boxcovidContacto&#8220; _builder_version=&#8220;4.16&#8243; disabled=&#8220;on&#8220; global_colors_info=&#8220;{}&#8220;]<\/p>\n<h2 class=\"boxcovid contacto\" style=\"text-align: center;\">Aufgrund \u201cCOVID 19\u201d  sind wir zur Zeit geschlossen. <br \/>Wir vermissen Euch alle und hoffen,  bald wieder oeffnen zu duerfen. Wir halten Euch auf dem Laufenden !<\/h2>\n<p>[\/et_pb_text][\/et_pb_column][\/et_pb_row][\/et_pb_section][et_pb_section fb_built=&#8220;1&#8243; _builder_version=&#8220;4.16&#8243; custom_padding=&#8220;0px||0px||false|false&#8220; global_colors_info=&#8220;{}&#8220;][et_pb_row _builder_version=&#8220;4.16&#8243; background_size=&#8220;initial&#8220; background_position=&#8220;top_left&#8220; background_repeat=&#8220;repeat&#8220; global_colors_info=&#8220;{}&#8220;][et_pb_column type=&#8220;4_4&#8243; _builder_version=&#8220;4.16&#8243; custom_padding=&#8220;|||&#8220; global_colors_info=&#8220;{}&#8220; custom_padding__hover=&#8220;|||&#8220;][et_pb_image src=&#8220;https:\/\/buceoanilao.com\/wp-content\/uploads\/2020\/05\/Kontaktiere2.png&#8220; alt=&#8220;Contact&#8220; title_text=&#8220;Contact&#8220; align=&#8220;center&#8220; align_tablet=&#8220;center&#8220; align_phone=&#8220;&#8220; align_last_edited=&#8220;on|desktop&#8220; _builder_version=&#8220;4.16&#8243; border_style=&#8220;solid&#8220; sticky=&#8220;off&#8220; always_center_on_mobile=&#8220;on&#8220; global_colors_info=&#8220;{}&#8220;][\/et_pb_image][et_pb_text _builder_version=&#8220;4.16&#8243; border_style=&#8220;solid&#8220; global_colors_info=&#8220;{}&#8220;]<\/p>\n<p style=\"text-align: center;\">Gerne geben wir Ihnen mehr Auskunft auf Ihre Fragen. Zoegern Sie nicht, uns zu kontaktieren<\/p>\n<p>[\/et_pb_text][\/et_pb_column][\/et_pb_row][\/et_pb_section][et_pb_section fb_built=&#8220;1&#8243; _builder_version=&#8220;4.16&#8243; custom_padding=&#8220;0px||||false|false&#8220; global_colors_info=&#8220;{}&#8220;][et_pb_row _builder_version=&#8220;4.16&#8243; global_colors_info=&#8220;{}&#8220;][et_pb_column type=&#8220;4_4&#8243; _builder_version=&#8220;4.16&#8243; global_colors_info=&#8220;{}&#8220;][et_pb_contact_form email=&#8220;contact@buceoanilao.com &#8220; custom_message=&#8220;Hello!||et_pb_line_break_holder||%%First_Name%% %%Last_name%% with the email %%Email%% has sent a message from the contact section of the buceoanilao.com website.||et_pb_line_break_holder||Message: %%Message%%&#8220; success_message=&#8220;Danke dass Sie uns kontaktieren. Wir melden uns so bald wie moeglich.&#8220; submit_button_text=&#8220;Senden&#8220; _builder_version=&#8220;4.24.0&#8243; _unique_id=&#8220;ca7717f4-4237-46e1-8a8a-8b3a1a4d433c&#8220; custom_button=&#8220;on&#8220; button_text_color=&#8220;#ffffff&#8220; button_bg_color=&#8220;#3E92B6&#8243; button_border_width=&#8220;0px&#8220; button_border_color=&#8220;rgba(0,0,0,0)&#8220; button_border_radius=&#8220;100px&#8220; button_use_icon=&#8220;off&#8220; hover_enabled=&#8220;0&#8243; button_bg_color_last_edited=&#8220;off|desktop&#8220; box_shadow_style_button=&#8220;preset3&#8243; global_colors_info=&#8220;{}&#8220; button_bg_color__hover_enabled=&#8220;on|desktop&#8220; button_bg_color__hover=&#8220;#01607C&#8220; button_bg_enable_color__hover=&#8220;on&#8220; button_text_color__hover_enabled=&#8220;on|hover&#8220; button_text_color__hover=&#8220;#ffffff&#8220; use_spam_service=&#8220;on&#8220; recaptcha_list=&#8220;BuceoAnilao|BuceoAnilao-0&#8243; sticky_enabled=&#8220;0&#8243;][et_pb_contact_field field_id=&#8220;First_Name&#8220; field_title=&#8220;Vorname&#8220; _builder_version=&#8220;4.16&#8243; global_colors_info=&#8220;{}&#8220; button_text_size__hover_enabled=&#8220;off&#8220; button_one_text_size__hover_enabled=&#8220;off&#8220; button_two_text_size__hover_enabled=&#8220;off&#8220; button_text_color__hover_enabled=&#8220;off&#8220; button_one_text_color__hover_enabled=&#8220;off&#8220; button_two_text_color__hover_enabled=&#8220;off&#8220; button_border_width__hover_enabled=&#8220;off&#8220; button_one_border_width__hover_enabled=&#8220;off&#8220; button_two_border_width__hover_enabled=&#8220;off&#8220; button_border_color__hover_enabled=&#8220;off&#8220; button_one_border_color__hover_enabled=&#8220;off&#8220; button_two_border_color__hover_enabled=&#8220;off&#8220; button_border_radius__hover_enabled=&#8220;off&#8220; button_one_border_radius__hover_enabled=&#8220;off&#8220; button_two_border_radius__hover_enabled=&#8220;off&#8220; button_letter_spacing__hover_enabled=&#8220;off&#8220; button_one_letter_spacing__hover_enabled=&#8220;off&#8220; button_two_letter_spacing__hover_enabled=&#8220;off&#8220; button_bg_color__hover_enabled=&#8220;off&#8220; button_one_bg_color__hover_enabled=&#8220;off&#8220; button_two_bg_color__hover_enabled=&#8220;off&#8220;][\/et_pb_contact_field][et_pb_contact_field field_id=&#8220;Last_name&#8220; field_title=&#8220;Nachname&#8220; _builder_version=&#8220;4.16&#8243; global_colors_info=&#8220;{}&#8220;][\/et_pb_contact_field][et_pb_contact_field field_id=&#8220;Email&#8220; field_title=&#8220;Email&#8220; field_type=&#8220;email&#8220; fullwidth_field=&#8220;on&#8220; _builder_version=&#8220;4.16&#8243; global_colors_info=&#8220;{}&#8220; button_text_size__hover_enabled=&#8220;off&#8220; button_one_text_size__hover_enabled=&#8220;off&#8220; button_two_text_size__hover_enabled=&#8220;off&#8220; button_text_color__hover_enabled=&#8220;off&#8220; button_one_text_color__hover_enabled=&#8220;off&#8220; button_two_text_color__hover_enabled=&#8220;off&#8220; button_border_width__hover_enabled=&#8220;off&#8220; button_one_border_width__hover_enabled=&#8220;off&#8220; button_two_border_width__hover_enabled=&#8220;off&#8220; button_border_color__hover_enabled=&#8220;off&#8220; button_one_border_color__hover_enabled=&#8220;off&#8220; button_two_border_color__hover_enabled=&#8220;off&#8220; button_border_radius__hover_enabled=&#8220;off&#8220; button_one_border_radius__hover_enabled=&#8220;off&#8220; button_two_border_radius__hover_enabled=&#8220;off&#8220; button_letter_spacing__hover_enabled=&#8220;off&#8220; button_one_letter_spacing__hover_enabled=&#8220;off&#8220; button_two_letter_spacing__hover_enabled=&#8220;off&#8220; button_bg_color__hover_enabled=&#8220;off&#8220; button_one_bg_color__hover_enabled=&#8220;off&#8220; button_two_bg_color__hover_enabled=&#8220;off&#8220;][\/et_pb_contact_field][et_pb_contact_field field_id=&#8220;Message&#8220; field_title=&#8220;Nachricht&#8220; field_type=&#8220;text&#8220; fullwidth_field=&#8220;on&#8220; _builder_version=&#8220;4.16&#8243; global_colors_info=&#8220;{}&#8220; button_text_size__hover_enabled=&#8220;off&#8220; button_one_text_size__hover_enabled=&#8220;off&#8220; button_two_text_size__hover_enabled=&#8220;off&#8220; button_text_color__hover_enabled=&#8220;off&#8220; button_one_text_color__hover_enabled=&#8220;off&#8220; button_two_text_color__hover_enabled=&#8220;off&#8220; button_border_width__hover_enabled=&#8220;off&#8220; button_one_border_width__hover_enabled=&#8220;off&#8220; button_two_border_width__hover_enabled=&#8220;off&#8220; button_border_color__hover_enabled=&#8220;off&#8220; button_one_border_color__hover_enabled=&#8220;off&#8220; button_two_border_color__hover_enabled=&#8220;off&#8220; button_border_radius__hover_enabled=&#8220;off&#8220; button_one_border_radius__hover_enabled=&#8220;off&#8220; button_two_border_radius__hover_enabled=&#8220;off&#8220; button_letter_spacing__hover_enabled=&#8220;off&#8220; button_one_letter_spacing__hover_enabled=&#8220;off&#8220; button_two_letter_spacing__hover_enabled=&#8220;off&#8220; button_bg_color__hover_enabled=&#8220;off&#8220; button_one_bg_color__hover_enabled=&#8220;off&#8220; button_two_bg_color__hover_enabled=&#8220;off&#8220;][\/et_pb_contact_field][\/et_pb_contact_form][\/et_pb_column][\/et_pb_row][\/et_pb_section][et_pb_section fb_built=&#8220;1&#8243; admin_label=&#8220;PIE ALEMAN&#8220; _builder_version=&#8220;4.16&#8243; custom_css_main_element=&#8220;background-color: black;&#8220; saved_tabs=&#8220;all&#8220; global_colors_info=&#8220;{}&#8220;][et_pb_row _builder_version=&#8220;4.16&#8243; background_size=&#8220;initial&#8220; background_position=&#8220;top_left&#8220; background_repeat=&#8220;repeat&#8220; global_colors_info=&#8220;{}&#8220;][et_pb_column type=&#8220;4_4&#8243; _builder_version=&#8220;4.16&#8243; custom_padding=&#8220;|||&#8220; global_colors_info=&#8220;{}&#8220; custom_padding__hover=&#8220;|||&#8220;][et_pb_image src=&#8220;https:\/\/buceoanilao.com\/wp-content\/uploads\/2019\/07\/logo_blanco.png&#8220; show_bottom_space=&#8220;off&#8220; align=&#8220;center&#8220; align_tablet=&#8220;center&#8220; align_phone=&#8220;&#8220; align_last_edited=&#8220;on|desktop&#8220; _builder_version=&#8220;4.16&#8243; custom_css_main_element=&#8220;max-width: 100px;&#8220; sticky=&#8220;on&#8220; global_colors_info=&#8220;{}&#8220;][\/et_pb_image][\/et_pb_column][\/et_pb_row][et_pb_row column_structure=&#8220;1_3,1_3,1_3&#8243; _builder_version=&#8220;4.16&#8243; global_colors_info=&#8220;{}&#8220;][et_pb_column type=&#8220;1_3&#8243; _builder_version=&#8220;4.16&#8243; global_colors_info=&#8220;{}&#8220;][et_pb_text _builder_version=&#8220;4.16&#8243; global_colors_info=&#8220;{}&#8220;]<\/p>\n<h3 style=\"text-align: center;\"><span style=\"color: #ffcc00;\"><strong>KONTAKT INFO<\/strong><\/span><\/h3>\n<p style=\"text-align: center;\"><img loading=\"lazy\" decoding=\"async\" class=\"wp-image-134 alignnone size-full\" src=\"https:\/\/buceoanilao.com\/wp-content\/uploads\/2019\/07\/location_icon.png\" alt=\"\" width=\"17\" height=\"28\" \/> <span style=\"color: #ffffff;\">Buceo Anilao Beach &amp; Dive Resort San Teodoro, Mabini, Batangas Philippines<\/span><\/p>\n<p style=\"text-align: center;\"><img loading=\"lazy\" decoding=\"async\" class=\"wp-image-131 alignnone size-full\" src=\"https:\/\/buceoanilao.com\/wp-content\/uploads\/2019\/07\/phone_icon.png\" alt=\"\" width=\"26\" height=\"26\" \/> <span style=\"color: #ffffff;\">++ 63 (0) 917 579 7333<\/span><\/p>\n<p style=\"text-align: center;\"><img loading=\"lazy\" decoding=\"async\" class=\"wp-image-132 alignnone size-full\" src=\"https:\/\/buceoanilao.com\/wp-content\/uploads\/2019\/07\/reloj_icon.png\" alt=\"\" width=\"28\" height=\"28\" \/> <span style=\"color: #ffffff;\">Montag &#8211; Sonntag 07:00 -22:00<\/span><\/p>\n<p style=\"text-align: center;\"><img loading=\"lazy\" decoding=\"async\" class=\"wp-image-133 alignnone size-full\" src=\"https:\/\/buceoanilao.com\/wp-content\/uploads\/2019\/07\/mai_icon.png\" alt=\"\" width=\"23\" height=\"16\" \/>\u00a0<span style=\"color: #ffffff;\"> contact@buceoanilao.com <\/span><\/p>\n<p>[\/et_pb_text][\/et_pb_column][et_pb_column type=&#8220;1_3&#8243; _builder_version=&#8220;4.16&#8243; global_colors_info=&#8220;{}&#8220;][et_pb_text _builder_version=&#8220;4.16&#8243; global_colors_info=&#8220;{}&#8220;]<\/p>\n<h3 style=\"text-align: center;\"><span style=\"color: #ffcc00;\"><strong>FOLGEN SIE UNS AUF<\/strong><\/span><\/h3>\n<p style=\"text-align: center;\"><a href=\"https:\/\/es-es.facebook.com\/BuceoAnilao\/\" target=\"_blank\" rel=\"noopener noreferrer\"><img loading=\"lazy\" decoding=\"async\" class=\"wp-image-164 alignnone size-full\" src=\"https:\/\/buceoanilao.com\/wp-content\/uploads\/2019\/07\/facebook_icon.png\" alt=\"\" width=\"60\" height=\"60\" \/><\/a> <a href=\"https:\/\/www.instagram.com\/buceoanilao\/\" target=\"_blank\" rel=\"noopener noreferrer\"><img loading=\"lazy\" decoding=\"async\" class=\"wp-image-163 alignnone size-full\" src=\"https:\/\/buceoanilao.com\/wp-content\/uploads\/2019\/07\/instagram_icon.png\" alt=\"\" width=\"60\" height=\"60\" \/><\/a> <a href=\"https:\/\/twitter.com\/buceoanilao\" target=\"_blank\" rel=\"noopener noreferrer\"><img loading=\"lazy\" decoding=\"async\" class=\"wp-image-162 alignnone size-full\" src=\"https:\/\/buceoanilao.com\/wp-content\/uploads\/2019\/07\/twitter_icon.png\" alt=\"\" width=\"60\" height=\"60\" \/><\/a> <a href=\"https:\/\/www.youtube.com\/channel\/UCiM48M68t5qywYDGK87Rcnw\" target=\"_blank\" rel=\"noopener noreferrer\"><img loading=\"lazy\" decoding=\"async\" class=\"wp-image-161 alignnone size-full\" src=\"https:\/\/buceoanilao.com\/wp-content\/uploads\/2019\/07\/youtube_icon.png\" alt=\"\" width=\"60\" height=\"60\" \/><\/a><\/p>\n<p style=\"text-align: center;\">\n<p style=\"text-align: center;\">[\/et_pb_text][\/et_pb_column][et_pb_column type=&#8220;1_3&#8243; _builder_version=&#8220;4.16&#8243; global_colors_info=&#8220;{}&#8220;][et_pb_text _builder_version=&#8220;4.16&#8243; global_colors_info=&#8220;{}&#8220;]<\/p>\n<h3 style=\"text-align: center;\"><span style=\"color: #ffcc00;\"><strong>BEURTEILEN SIE UNS !<\/strong><\/span><\/h3>\n<p style=\"text-align: center;\"><a href=\"https:\/\/www.tripadvisor.com\/Hotel_Review-g1587920-d6737843-Reviews-Buceo_Anilao_Beach_Dive_Resort-Mabini_Batangas_Province_Calabarzon_Region_Luzon.html\" target=\"_blank\" rel=\"noopener noreferrer\"><img loading=\"lazy\" decoding=\"async\" class=\"aligncenter wp-image-4010 size-full\" src=\"https:\/\/buceoanilao.com\/wp-content\/uploads\/2020\/08\/tripadvisor.png\" alt=\"\" width=\"167\" height=\"209\" \/><\/a><\/p>\n<p>&nbsp;<\/p>\n<p>[\/et_pb_text][\/et_pb_column][\/et_pb_row][\/et_pb_section]<\/p>\n","protected":false},"excerpt":{"rendered":"<p>KONTAKTAufgrund \u201cCOVID 19\u201d sind wir zur Zeit geschlossen. Wir vermissen Euch alle und hoffen, bald wieder oeffnen zu duerfen. Wir halten Euch auf dem Laufenden !Gerne geben wir Ihnen mehr Auskunft auf Ihre Fragen. Zoegern Sie nicht, uns zu kontaktierenKONTAKT INFO Buceo Anilao Beach &amp; Dive Resort San Teodoro, Mabini, Batangas Philippines ++ 63 (0) [&hellip;]<\/p>\n","protected":false},"author":1,"featured_media":0,"parent":0,"menu_order":0,"comment_status":"closed","ping_status":"closed","template":"","meta":{"_et_pb_use_builder":"on","_et_pb_old_content":"","_et_gb_content_width":"","footnotes":""},"yoast_head":"<!-- This site is optimized with the Yoast SEO plugin v22.0 - https:\/\/yoast.com\/wordpress\/plugins\/seo\/ -->\r\n<title>KONTAKT | beste Budget, das auf Ihre Bed\u00fcrfnisse zugeschnitten ist.<\/title>\r\n<meta name=\"description\" content=\"Unser Resort bietet je nach Kapazit\u00e4t drei Zimmertypen. Alle Ausstattungen mit privatem Schlafzimmer, Klimaanlage, Balkon und Fr\u00fchst\u00fcck inklusive\" \/>\r\n<meta name=\"robots\" content=\"index, follow, max-snippet:-1, max-image-preview:large, max-video-preview:-1\" \/>\r\n<link rel=\"canonical\" href=\"https:\/\/buceoanilao.com\/de\/kontakt\/\" \/>\r\n<meta property=\"og:locale\" content=\"de_DE\" \/>\r\n<meta property=\"og:type\" content=\"article\" \/>\r\n<meta property=\"og:title\" content=\"KONTAKT | beste Budget, das auf Ihre Bed\u00fcrfnisse zugeschnitten ist.\" \/>\r\n<meta property=\"og:description\" content=\"Unser Resort bietet je nach Kapazit\u00e4t drei Zimmertypen. Alle Ausstattungen mit privatem Schlafzimmer, Klimaanlage, Balkon und Fr\u00fchst\u00fcck inklusive\" \/>\r\n<meta property=\"og:url\" content=\"https:\/\/buceoanilao.com\/de\/kontakt\/\" \/>\r\n<meta property=\"og:site_name\" content=\"buceoanilao.com\" \/>\r\n<meta property=\"article:modified_time\" content=\"2026-03-17T08:46:24+00:00\" \/>\r\n<meta property=\"og:image\" content=\"https:\/\/buceoanilao.com\/wp-content\/uploads\/2019\/07\/location_icon.png\" \/>\r\n<meta name=\"twitter:card\" content=\"summary_large_image\" \/>\r\n<meta name=\"twitter:label1\" content=\"Gesch\u00e4tzte Lesezeit\" \/>\n\t<meta name=\"twitter:data1\" content=\"3\u00a0Minuten\" \/>\r\n<script type=\"application\/ld+json\" class=\"yoast-schema-graph\">{\"@context\":\"https:\/\/schema.org\",\"@graph\":[{\"@type\":\"WebPage\",\"@id\":\"https:\/\/buceoanilao.com\/de\/kontakt\/\",\"url\":\"https:\/\/buceoanilao.com\/de\/kontakt\/\",\"name\":\"KONTAKT | beste Budget, das auf Ihre Bed\u00fcrfnisse zugeschnitten ist.\",\"isPartOf\":{\"@id\":\"https:\/\/buceoanilao.com\/#website\"},\"datePublished\":\"2019-07-29T08:10:48+00:00\",\"dateModified\":\"2026-03-17T08:46:24+00:00\",\"description\":\"Unser Resort bietet je nach Kapazit\u00e4t drei Zimmertypen. Alle Ausstattungen mit privatem Schlafzimmer, Klimaanlage, Balkon und Fr\u00fchst\u00fcck inklusive\",\"breadcrumb\":{\"@id\":\"https:\/\/buceoanilao.com\/de\/kontakt\/#breadcrumb\"},\"inLanguage\":\"de\",\"potentialAction\":[{\"@type\":\"ReadAction\",\"target\":[\"https:\/\/buceoanilao.com\/de\/kontakt\/\"]}]},{\"@type\":\"BreadcrumbList\",\"@id\":\"https:\/\/buceoanilao.com\/de\/kontakt\/#breadcrumb\",\"itemListElement\":[{\"@type\":\"ListItem\",\"position\":1,\"name\":\"Portada\",\"item\":\"https:\/\/buceoanilao.com\/de\/\"},{\"@type\":\"ListItem\",\"position\":2,\"name\":\"KONTAKT\"}]},{\"@type\":\"WebSite\",\"@id\":\"https:\/\/buceoanilao.com\/#website\",\"url\":\"https:\/\/buceoanilao.com\/\",\"name\":\"buceoanilao.com\",\"description\":\"Buceo Anilao\",\"potentialAction\":[{\"@type\":\"SearchAction\",\"target\":{\"@type\":\"EntryPoint\",\"urlTemplate\":\"https:\/\/buceoanilao.com\/?s={search_term_string}\"},\"query-input\":\"required name=search_term_string\"}],\"inLanguage\":\"de\"}]}<\/script>\r\n<!-- \/ Yoast SEO plugin. -->","yoast_head_json":{"title":"KONTAKT | beste Budget, das auf Ihre Bed\u00fcrfnisse zugeschnitten ist.","description":"Unser Resort bietet je nach Kapazit\u00e4t drei Zimmertypen. Alle Ausstattungen mit privatem Schlafzimmer, Klimaanlage, Balkon und Fr\u00fchst\u00fcck inklusive","robots":{"index":"index","follow":"follow","max-snippet":"max-snippet:-1","max-image-preview":"max-image-preview:large","max-video-preview":"max-video-preview:-1"},"canonical":"https:\/\/buceoanilao.com\/de\/kontakt\/","og_locale":"de_DE","og_type":"article","og_title":"KONTAKT | beste Budget, das auf Ihre Bed\u00fcrfnisse zugeschnitten ist.","og_description":"Unser Resort bietet je nach Kapazit\u00e4t drei Zimmertypen. Alle Ausstattungen mit privatem Schlafzimmer, Klimaanlage, Balkon und Fr\u00fchst\u00fcck inklusive","og_url":"https:\/\/buceoanilao.com\/de\/kontakt\/","og_site_name":"buceoanilao.com","article_modified_time":"2026-03-17T08:46:24+00:00","og_image":[{"url":"https:\/\/buceoanilao.com\/wp-content\/uploads\/2019\/07\/location_icon.png"}],"twitter_card":"summary_large_image","twitter_misc":{"Gesch\u00e4tzte Lesezeit":"3\u00a0Minuten"},"schema":{"@context":"https:\/\/schema.org","@graph":[{"@type":"WebPage","@id":"https:\/\/buceoanilao.com\/de\/kontakt\/","url":"https:\/\/buceoanilao.com\/de\/kontakt\/","name":"KONTAKT | beste Budget, das auf Ihre Bed\u00fcrfnisse zugeschnitten ist.","isPartOf":{"@id":"https:\/\/buceoanilao.com\/#website"},"datePublished":"2019-07-29T08:10:48+00:00","dateModified":"2026-03-17T08:46:24+00:00","description":"Unser Resort bietet je nach Kapazit\u00e4t drei Zimmertypen. Alle Ausstattungen mit privatem Schlafzimmer, Klimaanlage, Balkon und Fr\u00fchst\u00fcck inklusive","breadcrumb":{"@id":"https:\/\/buceoanilao.com\/de\/kontakt\/#breadcrumb"},"inLanguage":"de","potentialAction":[{"@type":"ReadAction","target":["https:\/\/buceoanilao.com\/de\/kontakt\/"]}]},{"@type":"BreadcrumbList","@id":"https:\/\/buceoanilao.com\/de\/kontakt\/#breadcrumb","itemListElement":[{"@type":"ListItem","position":1,"name":"Portada","item":"https:\/\/buceoanilao.com\/de\/"},{"@type":"ListItem","position":2,"name":"KONTAKT"}]},{"@type":"WebSite","@id":"https:\/\/buceoanilao.com\/#website","url":"https:\/\/buceoanilao.com\/","name":"buceoanilao.com","description":"Buceo Anilao","potentialAction":[{"@type":"SearchAction","target":{"@type":"EntryPoint","urlTemplate":"https:\/\/buceoanilao.com\/?s={search_term_string}"},"query-input":"required name=search_term_string"}],"inLanguage":"de"}]}},"_links":{"self":[{"href":"https:\/\/buceoanilao.com\/de\/wp-json\/wp\/v2\/pages\/2546"}],"collection":[{"href":"https:\/\/buceoanilao.com\/de\/wp-json\/wp\/v2\/pages"}],"about":[{"href":"https:\/\/buceoanilao.com\/de\/wp-json\/wp\/v2\/types\/page"}],"author":[{"embeddable":true,"href":"https:\/\/buceoanilao.com\/de\/wp-json\/wp\/v2\/users\/1"}],"replies":[{"embeddable":true,"href":"https:\/\/buceoanilao.com\/de\/wp-json\/wp\/v2\/comments?post=2546"}],"version-history":[{"count":3,"href":"https:\/\/buceoanilao.com\/de\/wp-json\/wp\/v2\/pages\/2546\/revisions"}],"predecessor-version":[{"id":5612,"href":"https:\/\/buceoanilao.com\/de\/wp-json\/wp\/v2\/pages\/2546\/revisions\/5612"}],"wp:attachment":[{"href":"https:\/\/buceoanilao.com\/de\/wp-json\/wp\/v2\/media?parent=2546"}],"curies":[{"name":"wp","href":"https:\/\/api.w.org\/{rel}","templated":true}]}}